{"id":9364,"date":"2024-12-20T12:23:56","date_gmt":"2024-12-20T11:23:56","guid":{"rendered":"https:\/\/www.weisseritztalbahn.de\/?page_id=9364"},"modified":"2025-03-19T14:17:40","modified_gmt":"2025-03-19T13:17:40","slug":"home-3","status":"publish","type":"page","link":"https:\/\/www.weisseritztalbahn.de\/home\/souvenirangebot\/home-3\/","title":{"rendered":"Neue B\u00fccher"},"content":{"rendered":"\n<h2 class=\"wp-block-heading has-text-align-center\"><strong>Neu in unserem Souvenirshop:<\/strong><\/h2>\n\n\n\n<p class=\"has-text-align-center has-medium-font-size\">***************<\/p>\n\n\n\n<div class=\"wp-block-media-text has-media-on-the-right is-stacked-on-mobile\"><div class=\"wp-block-media-text__content\">\n<p class=\"has-medium-font-size\">Die Schmalspurbahn Nebitzschen &#8211; Kroptewitz und die Bahnen im &#8220;Wei\u00dfen Land&#8221;<\/p>\n\n\n\n<p class=\"has-medium-font-size\"><strong>Preis: 58.-\u20ac<\/strong> zzgl. Versand<\/p>\n\n\n\n<p><\/p>\n<\/div><figure class=\"wp-block-media-text__media\"><img loading=\"lazy\" decoding=\"async\" width=\"793\" height=\"1024\" src=\"https:\/\/www.weisseritztalbahn.de\/wp-content\/uploads\/2025\/03\/000-Titel-NK-ME5qxO7uLHYQqXy-793x1024.jpg\" alt=\"\" class=\"wp-image-9462 size-full\" srcset=\"https:\/\/www.weisseritztalbahn.de\/wp-content\/uploads\/2025\/03\/000-Titel-NK-ME5qxO7uLHYQqXy-793x1024.jpg 793w, https:\/\/www.weisseritztalbahn.de\/wp-content\/uploads\/2025\/03\/000-Titel-NK-ME5qxO7uLHYQqXy-232x300.jpg 232w, https:\/\/www.weisseritztalbahn.de\/wp-content\/uploads\/2025\/03\/000-Titel-NK-ME5qxO7uLHYQqXy-116x150.jpg 116w, https:\/\/www.weisseritztalbahn.de\/wp-content\/uploads\/2025\/03\/000-Titel-NK-ME5qxO7uLHYQqXy-768x992.jpg 768w, https:\/\/www.weisseritztalbahn.de\/wp-content\/uploads\/2025\/03\/000-Titel-NK-ME5qxO7uLHYQqXy-1190x1536.jpg 1190w, https:\/\/www.weisseritztalbahn.de\/wp-content\/uploads\/2025\/03\/000-Titel-NK-ME5qxO7uLHYQqXy-1586x2048.jpg 1586w, https:\/\/www.weisseritztalbahn.de\/wp-content\/uploads\/2025\/03\/000-Titel-NK-ME5qxO7uLHYQqXy-scaled.jpg 1983w\" sizes=\"auto, (max-width: 793px) 100vw, 793px\" \/><\/figure><\/div>\n\n\n\n<div class=\"wp-block-media-text is-stacked-on-mobile\"><figure class=\"wp-block-media-text__media\"><img loading=\"lazy\" decoding=\"async\" width=\"1024\" height=\"868\" src=\"https:\/\/www.weisseritztalbahn.de\/wp-content\/uploads\/2024\/12\/SAS_29-1024x868.jpg\" alt=\"\" class=\"wp-image-9368 size-full\" srcset=\"https:\/\/www.weisseritztalbahn.de\/wp-content\/uploads\/2024\/12\/SAS_29-1024x868.jpg 1024w, https:\/\/www.weisseritztalbahn.de\/wp-content\/uploads\/2024\/12\/SAS_29-300x254.jpg 300w, https:\/\/www.weisseritztalbahn.de\/wp-content\/uploads\/2024\/12\/SAS_29-150x127.jpg 150w, https:\/\/www.weisseritztalbahn.de\/wp-content\/uploads\/2024\/12\/SAS_29-768x651.jpg 768w, https:\/\/www.weisseritztalbahn.de\/wp-content\/uploads\/2024\/12\/SAS_29-1536x1302.jpg 1536w, https:\/\/www.weisseritztalbahn.de\/wp-content\/uploads\/2024\/12\/SAS_29-2048x1736.jpg 2048w\" sizes=\"auto, (max-width: 1024px) 100vw, 1024px\" \/><\/figure><div class=\"wp-block-media-text__content\">\n<p class=\"has-medium-font-size\">Deutsche Reichsbahn 1945 &#8211; 1978<br>Go\u00dfdorf-Kohlm\u00fchle &#8211; Hohnstein<br>Mosel &#8211; Ortmannsdorf<br>Reichenbach &#8211; Oberheinsdorf<br>Klingenthal &#8211; Sachsenberg-Georgenthal<\/p>\n\n\n\n<p class=\"has-medium-font-size\"><strong>Preis: 54.-\u20ac<\/strong> zzgl. Versand<\/p>\n<\/div><\/div>\n\n\n\n<p class=\"has-text-align-center has-medium-font-size\">***************<\/p>\n\n\n\n<div class=\"wp-block-media-text has-media-on-the-right is-stacked-on-mobile\"><div class=\"wp-block-media-text__content\">\n<p class=\"has-medium-font-size\">Schmalspur-Album Harz DR 1950 &#8211; 1983<br><br>Gernrode &#8211; Alexisbad<br>Alexisbad &#8211; Harzgerode<\/p>\n\n\n\n<p class=\"has-medium-font-size\"><strong>Preis: 54.-\u20ac<\/strong> zzgl. Versand<\/p>\n\n\n\n<p><\/p>\n<\/div><figure class=\"wp-block-media-text__media\"><img loading=\"lazy\" decoding=\"async\" width=\"1024\" height=\"859\" src=\"https:\/\/www.weisseritztalbahn.de\/wp-content\/uploads\/2024\/12\/SAH_Harz-1024x859.jpg\" alt=\"\" class=\"wp-image-9371 size-full\" srcset=\"https:\/\/www.weisseritztalbahn.de\/wp-content\/uploads\/2024\/12\/SAH_Harz-1024x859.jpg 1024w, https:\/\/www.weisseritztalbahn.de\/wp-content\/uploads\/2024\/12\/SAH_Harz-300x252.jpg 300w, https:\/\/www.weisseritztalbahn.de\/wp-content\/uploads\/2024\/12\/SAH_Harz-150x126.jpg 150w, https:\/\/www.weisseritztalbahn.de\/wp-content\/uploads\/2024\/12\/SAH_Harz-768x644.jpg 768w, https:\/\/www.weisseritztalbahn.de\/wp-content\/uploads\/2024\/12\/SAH_Harz-1536x1289.jpg 1536w, https:\/\/www.weisseritztalbahn.de\/wp-content\/uploads\/2024\/12\/SAH_Harz-2048x1719.jpg 2048w\" sizes=\"auto, (max-width: 1024px) 100vw, 1024px\" \/><\/figure><\/div>\n\n\n\n<p class=\"has-text-align-center has-medium-font-size\">***************<\/p>\n\n\n\n<div class=\"wp-block-media-text is-stacked-on-mobile\"><figure class=\"wp-block-media-text__media\"><img loading=\"lazy\" decoding=\"async\" width=\"1024\" height=\"895\" src=\"https:\/\/www.weisseritztalbahn.de\/wp-content\/uploads\/2024\/12\/Titel-Ostpreussen-aktuell-1024x895.jpg\" alt=\"\" class=\"wp-image-9374 size-full\" srcset=\"https:\/\/www.weisseritztalbahn.de\/wp-content\/uploads\/2024\/12\/Titel-Ostpreussen-aktuell-1024x895.jpg 1024w, https:\/\/www.weisseritztalbahn.de\/wp-content\/uploads\/2024\/12\/Titel-Ostpreussen-aktuell-300x262.jpg 300w, https:\/\/www.weisseritztalbahn.de\/wp-content\/uploads\/2024\/12\/Titel-Ostpreussen-aktuell-150x131.jpg 150w, https:\/\/www.weisseritztalbahn.de\/wp-content\/uploads\/2024\/12\/Titel-Ostpreussen-aktuell-768x671.jpg 768w, https:\/\/www.weisseritztalbahn.de\/wp-content\/uploads\/2024\/12\/Titel-Ostpreussen-aktuell-1536x1342.jpg 1536w, https:\/\/www.weisseritztalbahn.de\/wp-content\/uploads\/2024\/12\/Titel-Ostpreussen-aktuell-2048x1789.jpg 2048w\" sizes=\"auto, (max-width: 1024px) 100vw, 1024px\" \/><\/figure><div class=\"wp-block-media-text__content\">\n<p style=\"font-size:14px\">Sie begannen in K\u00f6nigsberg, Rastenburg oder Insterburg, f\u00fchrten ans Kurische Haff oder ans Ufer der Memel \u2013 die Kleinbahnen in Ostpreu\u00dfen. Nachdem im Jahr 1892 das preu\u00dfische Kleinbahngesetz in Kraft getreten war, entstanden<br>auch in der \u00f6stlichsten preu\u00dfischen Provinz zahlreiche Bahnen \u201edritter Ordnung\u201c \u2013 mehrheitlich mit 750 mm oder 1000 mm Spurweite, einzelne aber auch regelspurig. \u00dcber die Schmalspurbahnen legt SSB-Medien nun das ultimative Standardwerk vor. Texte des Autors J\u00f6rg Petzold pr\u00e4gten bereits in den vergangenen Jahrzehnten fast alle Ver\u00f6ffentlichungen zu diesem Thema. Doch erst jetzt kommen seine Forschungsergebnisse vollst\u00e4ndig zum Abdruck. Illustriert ist das einzigartige Werk mit Streckenpl\u00e4nen, Grafiken, Fahrpl\u00e4nen sowie allen bekannten Aufnahmen aus der Zeit bis zum Kriegsende 1945. Diese sind teils aufw\u00e4ndig aufbereitet und gem\u00e4\u00df Streckenverlauf sortiert. Zwei Jahre danach folgt ein Band zu den Schmalspurbahnen in Westpreu\u00dfen und der Provinz Posen \u2013 Nachschlagewerke der Extraklasse!<\/p>\n\n\n\n<p class=\"has-medium-font-size\"><strong>Preis: 69.-\u20ac<\/strong> zzgl. Versand<\/p>\n\n\n\n<p><\/p>\n<\/div><\/div>\n\n\n\n<p class=\"has-text-align-center has-medium-font-size\">***************<\/p>\n\n\n\n<div class=\"wp-block-media-text has-media-on-the-right is-stacked-on-mobile\"><div class=\"wp-block-media-text__content\">\n<p class=\"has-medium-font-size\">Bildverlag B\u00f6ttger GbR<br>Zittau &#8211; Kurort Oybin und Kurort Jonsdorf<br>Stefan M\u00fcller<br>In diesem Buch findet der Leser neben einer Reise durch die Historie der Strecke zahlreiche Geschichten und Ereignisse, welche mit der Zittauer Schmalspurbahn in Verbindung stehen.<br>Viele bisher unver\u00f6ffentlichte Fotos erg\u00e4nzen die Texte.<\/p>\n\n\n\n<p class=\"has-medium-font-size\"><strong>Preis: 26,50\u20ac<\/strong> zzgl. Versand<\/p>\n\n\n\n<p><\/p>\n<\/div><figure class=\"wp-block-media-text__media\"><img loading=\"lazy\" decoding=\"async\" width=\"687\" height=\"1024\" src=\"https:\/\/www.weisseritztalbahn.de\/wp-content\/uploads\/2024\/12\/anekdoten-und-geschichten-zur-zittauer-schmalspurbahn-gebundene-ausgabe-stefan-mueller-687x1024.webp\" alt=\"\" class=\"wp-image-9373 size-full\" srcset=\"https:\/\/www.weisseritztalbahn.de\/wp-content\/uploads\/2024\/12\/anekdoten-und-geschichten-zur-zittauer-schmalspurbahn-gebundene-ausgabe-stefan-mueller-687x1024.webp 687w, https:\/\/www.weisseritztalbahn.de\/wp-content\/uploads\/2024\/12\/anekdoten-und-geschichten-zur-zittauer-schmalspurbahn-gebundene-ausgabe-stefan-mueller-201x300.webp 201w, https:\/\/www.weisseritztalbahn.de\/wp-content\/uploads\/2024\/12\/anekdoten-und-geschichten-zur-zittauer-schmalspurbahn-gebundene-ausgabe-stefan-mueller-101x150.webp 101w, https:\/\/www.weisseritztalbahn.de\/wp-content\/uploads\/2024\/12\/anekdoten-und-geschichten-zur-zittauer-schmalspurbahn-gebundene-ausgabe-stefan-mueller-768x1145.webp 768w, https:\/\/www.weisseritztalbahn.de\/wp-content\/uploads\/2024\/12\/anekdoten-und-geschichten-zur-zittauer-schmalspurbahn-gebundene-ausgabe-stefan-mueller-1030x1536.webp 1030w, https:\/\/www.weisseritztalbahn.de\/wp-content\/uploads\/2024\/12\/anekdoten-und-geschichten-zur-zittauer-schmalspurbahn-gebundene-ausgabe-stefan-mueller.webp 1341w\" sizes=\"auto, (max-width: 687px) 100vw, 687px\" \/><\/figure><\/div>\n\n\n\n<p class=\"has-text-align-center has-medium-font-size\">***************<\/p>\n\n\n<div class=\"wp-block-image\">\n<figure class=\"aligncenter size-large\"><img loading=\"lazy\" decoding=\"async\" width=\"1024\" height=\"679\" src=\"https:\/\/www.weisseritztalbahn.de\/wp-content\/uploads\/2024\/08\/Wunderwald-Unfallb-1u2-1024x679.jpg\" alt=\"\" class=\"wp-image-9218\" srcset=\"https:\/\/www.weisseritztalbahn.de\/wp-content\/uploads\/2024\/08\/Wunderwald-Unfallb-1u2-1024x679.jpg 1024w, https:\/\/www.weisseritztalbahn.de\/wp-content\/uploads\/2024\/08\/Wunderwald-Unfallb-1u2-300x199.jpg 300w, https:\/\/www.weisseritztalbahn.de\/wp-content\/uploads\/2024\/08\/Wunderwald-Unfallb-1u2-150x99.jpg 150w, https:\/\/www.weisseritztalbahn.de\/wp-content\/uploads\/2024\/08\/Wunderwald-Unfallb-1u2-768x509.jpg 768w, https:\/\/www.weisseritztalbahn.de\/wp-content\/uploads\/2024\/08\/Wunderwald-Unfallb-1u2-1536x1018.jpg 1536w, https:\/\/www.weisseritztalbahn.de\/wp-content\/uploads\/2024\/08\/Wunderwald-Unfallb-1u2-2048x1358.jpg 2048w\" sizes=\"auto, (max-width: 1024px) 100vw, 1024px\" \/><figcaption class=\"wp-element-caption\">Diese beiden Wunderwald-B\u00fccher sind in der Agentur <mark style=\"background-color:rgba(0, 0, 0, 0)\" class=\"has-inline-color has-black-color\">Bahnhof Freital-Hainsberg <\/mark><br><mark style=\"background-color:rgba(0, 0, 0, 0)\" class=\"has-inline-color has-black-color\">(im Versand zzgl. Versandkosten)<\/mark> noch erh\u00e4ltlich. Der Preis je Band betr\u00e4gt 39.00 \u20ac.<\/figcaption><\/figure><\/div>\n\n\n<p class=\"has-text-align-center has-medium-font-size\">***************<\/p>\n\n\n\n<div class=\"wp-block-columns is-layout-flex wp-container-core-columns-is-layout-1 wp-block-columns-is-layout-flex\">\n<div class=\"wp-block-column is-layout-flow wp-block-column-is-layout-flow\"><\/div>\n<\/div>\n","protected":false},"excerpt":{"rendered":"<p>Neu in unserem Souvenirshop: *************** Die Schmalspurbahn Nebitzschen &#8211; Kroptewitz und die Bahnen im &#8220;Wei\u00dfen Land&#8221; Preis: 58.-\u20ac zzgl. Versand Deutsche Reichsbahn 1945 &#8211; 1978Go\u00dfdorf-Kohlm\u00fchle &#8211; HohnsteinMosel &#8211; OrtmannsdorfReichenbach &#8211; OberheinsdorfKlingenthal &#8211; Sachsenberg-Georgenthal Preis: 54.-\u20ac zzgl. Versand *************** Schmalspur-Album Harz DR 1950 &#8211; 1983 Gernrode &#8211; AlexisbadAlexisbad &#8211; Harzgerode Preis: 54.-\u20ac zzgl. Versand *************** Sie [&hellip;]<\/p>\n","protected":false},"author":1,"featured_media":0,"parent":2059,"menu_order":6,"comment_status":"closed","ping_status":"closed","template":"","meta":{"ngg_post_thumbnail":0,"footnotes":""},"categories":[],"tags":[],"class_list":["post-9364","page","type-page","status-publish","hentry"],"_links":{"self":[{"href":"https:\/\/www.weisseritztalbahn.de\/home\/wp-json\/wp\/v2\/pages\/9364","targetHints":{"allow":["GET"]}}],"collection":[{"href":"https:\/\/www.weisseritztalbahn.de\/home\/wp-json\/wp\/v2\/pages"}],"about":[{"href":"https:\/\/www.weisseritztalbahn.de\/home\/wp-json\/wp\/v2\/types\/page"}],"author":[{"embeddable":true,"href":"https:\/\/www.weisseritztalbahn.de\/home\/wp-json\/wp\/v2\/users\/1"}],"replies":[{"embeddable":true,"href":"https:\/\/www.weisseritztalbahn.de\/home\/wp-json\/wp\/v2\/comments?post=9364"}],"version-history":[{"count":15,"href":"https:\/\/www.weisseritztalbahn.de\/home\/wp-json\/wp\/v2\/pages\/9364\/revisions"}],"predecessor-version":[{"id":9463,"href":"https:\/\/www.weisseritztalbahn.de\/home\/wp-json\/wp\/v2\/pages\/9364\/revisions\/9463"}],"up":[{"embeddable":true,"href":"https:\/\/www.weisseritztalbahn.de\/home\/wp-json\/wp\/v2\/pages\/2059"}],"wp:attachment":[{"href":"https:\/\/www.weisseritztalbahn.de\/home\/wp-json\/wp\/v2\/media?parent=9364"}],"wp:term":[{"taxonomy":"category","embeddable":true,"href":"https:\/\/www.weisseritztalbahn.de\/home\/wp-json\/wp\/v2\/categories?post=9364"},{"taxonomy":"post_tag","embeddable":true,"href":"https:\/\/www.weisseritztalbahn.de\/home\/wp-json\/wp\/v2\/tags?post=9364"}],"curies":[{"name":"wp","href":"https:\/\/api.w.org\/{rel}","templated":true}]}}