{"id":7787,"date":"2021-01-16T18:42:28","date_gmt":"2021-01-16T17:42:28","guid":{"rendered":"http:\/\/www.weisseritztalbahn.de\/?page_id=7787"},"modified":"2024-10-07T18:59:59","modified_gmt":"2024-10-07T17:59:59","slug":"aktuelles","status":"publish","type":"page","link":"https:\/\/www.weisseritztalbahn.de\/home\/aktuelles\/","title":{"rendered":"Aktuelles"},"content":{"rendered":"\n<p class=\"has-text-align-center has-large-font-size\"><strong>Kalender 2025 ab sofort erh\u00e4ltlich<\/strong><\/p>\n\n\n\n<figure class=\"wp-block-image size-large\"><img loading=\"lazy\" decoding=\"async\" width=\"1024\" height=\"725\" src=\"https:\/\/www.weisseritztalbahn.de\/wp-content\/uploads\/2024\/05\/IGW-2025-V-2_1-1024x725.jpg\" alt=\"\" class=\"wp-image-9103\" srcset=\"https:\/\/www.weisseritztalbahn.de\/wp-content\/uploads\/2024\/05\/IGW-2025-V-2_1-1024x725.jpg 1024w, https:\/\/www.weisseritztalbahn.de\/wp-content\/uploads\/2024\/05\/IGW-2025-V-2_1-300x212.jpg 300w, https:\/\/www.weisseritztalbahn.de\/wp-content\/uploads\/2024\/05\/IGW-2025-V-2_1-150x106.jpg 150w, https:\/\/www.weisseritztalbahn.de\/wp-content\/uploads\/2024\/05\/IGW-2025-V-2_1-768x543.jpg 768w, https:\/\/www.weisseritztalbahn.de\/wp-content\/uploads\/2024\/05\/IGW-2025-V-2_1-1536x1087.jpg 1536w, https:\/\/www.weisseritztalbahn.de\/wp-content\/uploads\/2024\/05\/IGW-2025-V-2_1.jpg 1754w\" sizes=\"auto, (max-width: 1024px) 100vw, 1024px\" \/><figcaption class=\"wp-element-caption\"><strong><mark style=\"background-color:#ffffff\" class=\"has-inline-color has-black-color\">erh\u00e4ltlich f\u00fcr 8.-\u20ac in unserer Agentur Bahnhof Freital-Hainsberg (im Versand zzgl. Versandkosten)<\/mark><\/strong><\/figcaption><\/figure>\n\n\n\n<p class=\"has-text-align-center has-medium-font-size\"><strong>Am 15. Juni 2024 fand wieder unser traditioneller schottig-irischer Musikzug mit einem Whisky-Tasting statt. F\u00fcr das notwendige Flair sorgten die Musiker <br>Brettel, Whysker und Dudelzack<\/strong><\/p>\n\n\n<div class=\"wp-block-image\">\n<figure class=\"aligncenter size-full\"><a href=\"https:\/\/www.weisseritztalbahn.de\/?page_id=7787\"><img loading=\"lazy\" decoding=\"async\" width=\"800\" height=\"600\" src=\"https:\/\/www.weisseritztalbahn.de\/wp-content\/uploads\/2024\/06\/image11.jpg\" alt=\"\" class=\"wp-image-9150\" srcset=\"https:\/\/www.weisseritztalbahn.de\/wp-content\/uploads\/2024\/06\/image11.jpg 800w, https:\/\/www.weisseritztalbahn.de\/wp-content\/uploads\/2024\/06\/image11-300x225.jpg 300w, https:\/\/www.weisseritztalbahn.de\/wp-content\/uploads\/2024\/06\/image11-150x113.jpg 150w, https:\/\/www.weisseritztalbahn.de\/wp-content\/uploads\/2024\/06\/image11-768x576.jpg 768w\" sizes=\"auto, (max-width: 800px) 100vw, 800px\" \/><\/a><figcaption class=\"wp-element-caption\"><strong><em>Brettel, Whysker und Dudelzack (<strong>v.&nbsp;l.&nbsp;n.&nbsp;r<\/strong>.)<\/em><\/strong><\/figcaption><\/figure><\/div>\n\n\nngg_shortcode_0_placeholder\n\n\n\n<hr class=\"wp-block-separator has-alpha-channel-opacity\"\/>\n\n\n\n<p class=\"has-text-align-center has-medium-font-size\"><strong>Sonderfahrt anl\u00e4sslich des <\/strong><br><strong>75. Geburtstages von Hagen von Ortloff am 31.05.2024 auf der Wei\u00dferitztalbahn<\/strong><\/p>\n\n\n\nngg_shortcode_1_placeholder\n\n\n\n<figure class=\"wp-block-video\"><video controls src=\"https:\/\/www.weisseritztalbahn.de\/wp-content\/uploads\/2024\/05\/Obercarsdorf.mp4\"><\/video><\/figure>\n\n\n\n<hr class=\"wp-block-separator has-alpha-channel-opacity\"\/>\n\n\n\n<p class=\"has-text-align-center has-large-font-size\"><strong>Kalender 2025 ab sofort erh\u00e4ltlich<\/strong><\/p>\n\n\n\n<figure class=\"wp-block-image size-large\"><img loading=\"lazy\" decoding=\"async\" width=\"1024\" height=\"725\" src=\"https:\/\/www.weisseritztalbahn.de\/wp-content\/uploads\/2024\/05\/IGW-2025-V-2_1-1024x725.jpg\" alt=\"\" class=\"wp-image-9103\" srcset=\"https:\/\/www.weisseritztalbahn.de\/wp-content\/uploads\/2024\/05\/IGW-2025-V-2_1-1024x725.jpg 1024w, https:\/\/www.weisseritztalbahn.de\/wp-content\/uploads\/2024\/05\/IGW-2025-V-2_1-300x212.jpg 300w, https:\/\/www.weisseritztalbahn.de\/wp-content\/uploads\/2024\/05\/IGW-2025-V-2_1-150x106.jpg 150w, https:\/\/www.weisseritztalbahn.de\/wp-content\/uploads\/2024\/05\/IGW-2025-V-2_1-768x543.jpg 768w, https:\/\/www.weisseritztalbahn.de\/wp-content\/uploads\/2024\/05\/IGW-2025-V-2_1-1536x1087.jpg 1536w, https:\/\/www.weisseritztalbahn.de\/wp-content\/uploads\/2024\/05\/IGW-2025-V-2_1.jpg 1754w\" sizes=\"auto, (max-width: 1024px) 100vw, 1024px\" \/><figcaption class=\"wp-element-caption\"><strong><mark style=\"background-color:#ffffff\" class=\"has-inline-color has-black-color\">erh\u00e4ltlich f\u00fcr 8.-\u20ac in unserer Agentur Bahnhof Freital-Hainsberg (im Versand zzgl. Versandkosten)<\/mark><\/strong><\/figcaption><\/figure>\n\n\n<div class=\"wp-block-image\">\n<figure class=\"aligncenter size-large\"><img decoding=\"async\" src=\"http:\/\/www.weisseritztalbahn.de\/wp-content\/uploads\/2023\/12\/SIMZ_2024_A3_2_kl-724x1024.jpg\" alt=\"\" class=\"wp-image-9034\"\/><\/figure><\/div>\n\n\n<p>03.09.2023<\/p>\n\n\n<div class=\"wp-block-image\">\n<figure class=\"aligncenter size-full\"><img loading=\"lazy\" decoding=\"async\" width=\"391\" height=\"321\" src=\"http:\/\/www.weisseritztalbahn.de\/wp-content\/uploads\/2023\/09\/140-Jahre-WTB.jpg\" alt=\"\" class=\"wp-image-8975\" srcset=\"https:\/\/www.weisseritztalbahn.de\/wp-content\/uploads\/2023\/09\/140-Jahre-WTB.jpg 391w, https:\/\/www.weisseritztalbahn.de\/wp-content\/uploads\/2023\/09\/140-Jahre-WTB-300x246.jpg 300w, https:\/\/www.weisseritztalbahn.de\/wp-content\/uploads\/2023\/09\/140-Jahre-WTB-150x123.jpg 150w\" sizes=\"auto, (max-width: 391px) 100vw, 391px\" \/><figcaption class=\"wp-element-caption\"><strong>Sonderfahrten am 02. und 03.September 2023<\/strong><\/figcaption><\/figure><\/div>\n\n\nngg_shortcode_2_placeholder\n\n\n\n<p class=\"has-text-align-center\">********************<\/p>\n\n\n\n<h2 class=\"wp-block-heading has-text-align-center\">Der Einheitswagen der IG Wei\u00dferitztalbahn e.V. ab 05.06.2022 im Planeinsatz<\/h2>\n\n\n\n<figure class=\"wp-block-image size-large is-resized\"><img loading=\"lazy\" decoding=\"async\" width=\"1024\" height=\"683\" src=\"http:\/\/www.weisseritztalbahn.de\/wp-content\/uploads\/2022\/06\/IMG_2475-1024x683.jpg\" alt=\"\" class=\"wp-image-8346\" style=\"width:660px;height:440px\" srcset=\"https:\/\/www.weisseritztalbahn.de\/wp-content\/uploads\/2022\/06\/IMG_2475-1024x683.jpg 1024w, https:\/\/www.weisseritztalbahn.de\/wp-content\/uploads\/2022\/06\/IMG_2475-300x200.jpg 300w, https:\/\/www.weisseritztalbahn.de\/wp-content\/uploads\/2022\/06\/IMG_2475-150x100.jpg 150w, https:\/\/www.weisseritztalbahn.de\/wp-content\/uploads\/2022\/06\/IMG_2475-768x512.jpg 768w, https:\/\/www.weisseritztalbahn.de\/wp-content\/uploads\/2022\/06\/IMG_2475-1536x1024.jpg 1536w, https:\/\/www.weisseritztalbahn.de\/wp-content\/uploads\/2022\/06\/IMG_2475-2048x1365.jpg 2048w\" sizes=\"auto, (max-width: 1024px) 100vw, 1024px\" \/><figcaption class=\"wp-element-caption\"><strong>Am 04.06.2022 hatte unser Einheitswagen 970-443 des erste Fahrt im Planzug. Dazu waren alle, die ma\u00dfgeblich an dem Aufbau des Wagens beteiligt waren eingeladen.  Der Wagen ist bei der SDG eingestellt und kommt bei Bedarf zum Einsatz. Pfingssonntag und -montag f\u00e4hrt er in den Zusatzz\u00fcgen mit.<\/strong><\/figcaption><\/figure>\n\n\n\n<p class=\"has-text-align-center\">********************<\/p>\n\n\n\n<p>21.03.2022<br>Der Betrieb der Schmalspurbahnen  ist bis 2037 gesichert.<\/p>\n\n\n\n<div class=\"wp-block-algori-pdf-viewer-block-algori-pdf-viewer\"><iframe class=\"wp-block-algori-pdf-viewer-block-algori-pdf-viewer-iframe\" src=\"https:\/\/www.weisseritztalbahn.de\/wp-content\/plugins\/algori-pdf-viewer\/dist\/web\/viewer.html?file=https%3A%2F%2Fwww.weisseritztalbahn.de%2Fwp-content%2Fuploads%2F2022%2F03%2F220321_PI_Verkehrsvertrag-SDG.pdf\" style=\"width:600px;height:300px\"><\/iframe><\/div>\n\n\n\n<hr class=\"wp-block-separator has-css-opacity\"\/>\n\n\n\n<p><\/p>\n","protected":false},"excerpt":{"rendered":"<p>Kalender 2025 ab sofort erh\u00e4ltlich Am 15. Juni 2024 fand wieder unser traditioneller schottig-irischer Musikzug mit einem Whisky-Tasting statt. F\u00fcr das notwendige Flair sorgten die Musiker Brettel, Whysker und Dudelzack Sonderfahrt anl\u00e4sslich des 75. Geburtstages von Hagen von Ortloff am 31.05.2024 auf der Wei\u00dferitztalbahn Kalender 2025 ab sofort erh\u00e4ltlich 03.09.2023 ******************** Der Einheitswagen der IG [&hellip;]<\/p>\n","protected":false},"author":1,"featured_media":0,"parent":0,"menu_order":1,"comment_status":"closed","ping_status":"closed","template":"","meta":{"ngg_post_thumbnail":0,"footnotes":""},"categories":[],"tags":[],"class_list":["post-7787","page","type-page","status-publish","hentry"],"_links":{"self":[{"href":"https:\/\/www.weisseritztalbahn.de\/home\/wp-json\/wp\/v2\/pages\/7787","targetHints":{"allow":["GET"]}}],"collection":[{"href":"https:\/\/www.weisseritztalbahn.de\/home\/wp-json\/wp\/v2\/pages"}],"about":[{"href":"https:\/\/www.weisseritztalbahn.de\/home\/wp-json\/wp\/v2\/types\/page"}],"author":[{"embeddable":true,"href":"https:\/\/www.weisseritztalbahn.de\/home\/wp-json\/wp\/v2\/users\/1"}],"replies":[{"embeddable":true,"href":"https:\/\/www.weisseritztalbahn.de\/home\/wp-json\/wp\/v2\/comments?post=7787"}],"version-history":[{"count":34,"href":"https:\/\/www.weisseritztalbahn.de\/home\/wp-json\/wp\/v2\/pages\/7787\/revisions"}],"predecessor-version":[{"id":9359,"href":"https:\/\/www.weisseritztalbahn.de\/home\/wp-json\/wp\/v2\/pages\/7787\/revisions\/9359"}],"wp:attachment":[{"href":"https:\/\/www.weisseritztalbahn.de\/home\/wp-json\/wp\/v2\/media?parent=7787"}],"wp:term":[{"taxonomy":"category","embeddable":true,"href":"https:\/\/www.weisseritztalbahn.de\/home\/wp-json\/wp\/v2\/categories?post=7787"},{"taxonomy":"post_tag","embeddable":true,"href":"https:\/\/www.weisseritztalbahn.de\/home\/wp-json\/wp\/v2\/tags?post=7787"}],"curies":[{"name":"wp","href":"https:\/\/api.w.org\/{rel}","templated":true}]}}