{"id":69,"date":"2011-04-01T21:15:22","date_gmt":"2011-04-01T19:15:22","guid":{"rendered":"http:\/\/ig.weisseritztalbahn.de\/?page_id=69"},"modified":"2021-01-05T19:40:00","modified_gmt":"2021-01-05T18:40:00","slug":"impressum","status":"publish","type":"page","link":"https:\/\/www.weisseritztalbahn.de\/home\/impressum\/","title":{"rendered":"Impressum"},"content":{"rendered":"<p>&nbsp;<\/p>\n<table style=\"border-collapse: collapse; width: 567px;\" border=\"0\" cellspacing=\"0\" cellpadding=\"0\">\n<tbody>\n<tr>\n<td valign=\"top\">Verantwortlich f\u00fcr die Internetpr\u00e4sentation:<span style=\"color: #000000;\"><strong><a href=\"mailto:webmaster@weisseritztalbahn.de\"><br \/>\n<\/a>webmaster(at)weisseritztalbahn.de<br \/>\n<\/strong><\/span><strong><span style=\"color: #000000;\">frank.bardoux(at)web.de<\/span><\/strong><\/td>\n<td>erreichbar \u00fcber:<br \/>\nIG Wei\u00dferitztalbahn e.V.<br \/>\n01705 Freital Dresdner Str. 280<\/td>\n<td valign=\"top\">Telefon Vereinsb\u00fcro:<br \/>\n0351-64 12 701<\/td>\n<\/tr>\n<\/tbody>\n<\/table>\n<p>&nbsp;<\/p>\n<p>Ein besonderer Dank f\u00fcr die Mitarbeit am Inhalt dieser Seiten an:<\/p>\n<p>Prof. Hans-Christoph Thiel, Ralf Kempe (Vorsitzender IGW) und Mitgliedern der IGW (Fotos)<\/p>\n<p>&nbsp;<\/p>\n<p><span style=\"text-decoration: underline;\">Literaturquellen:<\/span><\/p>\n<ul>\n<li>Vereinsvisitenkarte &#8211; Interessengemeinschaft Wei\u00dferitztalbahn e.V.<\/li>\n<li>Schmalspurbahn Freital-Hainsberg &#8211; Kipsdorf &#8211; Thiel &#8211; Verlag Kenning<\/li>\n<\/ul>\n<h3><a href=\"http:\/\/www.weisseritztalbahn.de\/wp-content\/uploads\/2018\/05\/Datenschutzerkl\u00e4rung-DSGVO-2018_IGW_WEB-Seite.pdf\" target=\"_blank\" rel=\"noopener\"><strong>Datenschutzerkl\u00e4rung vom Mai 2018<\/strong><\/a><\/h3>\n<p><strong>Haftungsausschluss<\/strong><\/p>\n<p>In seinem Urteil vom 12. Mai 1998 hat das Landgericht Hamburg entschieden, dass man durch die Ausbringung eines Hyperlinks die Inhalte der gelinkten Seite gegebenenfalls mit zu verantworten hat.<br \/>\nDies kann, so das Landgericht Hamburg, nur dadurch verhindert werden, dass man sich ausdr\u00fccklich von diesen Inhalten distanziert. Auf diesen Seiten sind Hyperlinks zu anderen Seiten im Internet<br \/>\nhinterlegt. F\u00fcr alle diese Hyperlinks gilt: Der Herausgeber erkl\u00e4rt ausdr\u00fccklich, dass er keinerlei Einfluss auf die Gestaltung und die Inhalte der gelinkten Seiten hatte. Er distanziert sich<br \/>\nhiermit von den Inhalten aller gelinkten Seiten innerhalb seiner Domain; gleichzeitig macht er sich die Inhalte der gelinkten Seiten nicht zu Eigen.<\/p>\n<p>Diese Erkl\u00e4rung gilt f\u00fcr alle innerhalb der Dom\u00e4ne&nbsp; www.weisseritztalbahn.de \/ www.ig-weisseritztalbahn.de angezeigten<br \/>\nLinks und f\u00fcr alle Inhalte der Seiten, zu denen die hier angemeldeten Links f\u00fchren. Der Herausgeber \u00fcbernimmt daher keinerlei Haftung!<\/p>\n<p>&nbsp;<\/p>\n<table border=\"0\">\n<tbody>\n<tr align=\"center\">\n<td>&nbsp;<\/td>\n<td>Die URL dieser Seiten lautet: <span style=\"color: #ff0000;\"><a href=\"http:\/\/www.weisseritztalbahn.de\">http:\/\/www.weisseritztalbahn.de<\/a><\/span><br \/>\n(c) Copyright 1997-2013 Frank BardouxDie weitere Verwendung von Grafiken und Bildern nur mit Genehmigung des Webmasters<\/td>\n<td>&nbsp;<\/td>\n<\/tr>\n<\/tbody>\n<\/table>\n<p>&nbsp;<\/p>\n<p>&nbsp;<\/p>\n","protected":false},"excerpt":{"rendered":"<p>&nbsp; Verantwortlich f\u00fcr die Internetpr\u00e4sentation: webmaster(at)weisseritztalbahn.de frank.bardoux(at)web.de erreichbar \u00fcber: IG Wei\u00dferitztalbahn e.V. 01705 Freital Dresdner Str. 280 Telefon Vereinsb\u00fcro: 0351-64 12 701 &nbsp; Ein besonderer Dank f\u00fcr die Mitarbeit am Inhalt dieser Seiten an: Prof. Hans-Christoph Thiel, Ralf Kempe (Vorsitzender IGW) und Mitgliedern der IGW (Fotos) &nbsp; Literaturquellen: Vereinsvisitenkarte &#8211; Interessengemeinschaft Wei\u00dferitztalbahn e.V. Schmalspurbahn Freital-Hainsberg [&hellip;]<\/p>\n","protected":false},"author":1,"featured_media":0,"parent":0,"menu_order":16,"comment_status":"closed","ping_status":"closed","template":"","meta":{"ngg_post_thumbnail":0,"footnotes":""},"categories":[],"tags":[],"class_list":["post-69","page","type-page","status-publish","hentry"],"_links":{"self":[{"href":"https:\/\/www.weisseritztalbahn.de\/home\/wp-json\/wp\/v2\/pages\/69","targetHints":{"allow":["GET"]}}],"collection":[{"href":"https:\/\/www.weisseritztalbahn.de\/home\/wp-json\/wp\/v2\/pages"}],"about":[{"href":"https:\/\/www.weisseritztalbahn.de\/home\/wp-json\/wp\/v2\/types\/page"}],"author":[{"embeddable":true,"href":"https:\/\/www.weisseritztalbahn.de\/home\/wp-json\/wp\/v2\/users\/1"}],"replies":[{"embeddable":true,"href":"https:\/\/www.weisseritztalbahn.de\/home\/wp-json\/wp\/v2\/comments?post=69"}],"version-history":[{"count":32,"href":"https:\/\/www.weisseritztalbahn.de\/home\/wp-json\/wp\/v2\/pages\/69\/revisions"}],"predecessor-version":[{"id":5844,"href":"https:\/\/www.weisseritztalbahn.de\/home\/wp-json\/wp\/v2\/pages\/69\/revisions\/5844"}],"wp:attachment":[{"href":"https:\/\/www.weisseritztalbahn.de\/home\/wp-json\/wp\/v2\/media?parent=69"}],"wp:term":[{"taxonomy":"category","embeddable":true,"href":"https:\/\/www.weisseritztalbahn.de\/home\/wp-json\/wp\/v2\/categories?post=69"},{"taxonomy":"post_tag","embeddable":true,"href":"https:\/\/www.weisseritztalbahn.de\/home\/wp-json\/wp\/v2\/tags?post=69"}],"curies":[{"name":"wp","href":"https:\/\/api.w.org\/{rel}","templated":true}]}}