{"id":2532,"date":"2013-02-02T20:29:11","date_gmt":"2013-02-02T19:29:11","guid":{"rendered":"http:\/\/ig.weisseritztalbahn.de\/?page_id=2532"},"modified":"2021-01-19T16:07:57","modified_gmt":"2021-01-19T15:07:57","slug":"einheitswagen","status":"publish","type":"page","link":"https:\/\/www.weisseritztalbahn.de\/home\/wagenpark\/einheitswagen\/","title":{"rendered":"Einheitswagen"},"content":{"rendered":"<table style=\"width: 550px; height: 721px;\" border=\"0\">\n<tbody>\n<tr>\n<td width=\"140\">\n<div id=\"attachment_2717\" style=\"width: 220px\" class=\"wp-caption alignleft\"><a href=\"http:\/\/ig.weisseritztalbahn.de\/wp-content\/uploads\/2013\/03\/970-004.jpg\" rel=\"lightbox\"><img loading=\"lazy\" decoding=\"async\" aria-describedby=\"caption-attachment-2717\" class=\" wp-image-2717 \" src=\"http:\/\/ig.weisseritztalbahn.de\/wp-content\/uploads\/2013\/03\/970-004-300x82.jpg\" alt=\"970-004\" width=\"210\" height=\"57\"><\/a><p id=\"caption-attachment-2717\" class=\"wp-caption-text\">970-004<\/p><\/div>\n<p>&nbsp;<\/p>\n<p>&nbsp;<\/p>\n<p>&nbsp;<\/td>\n<td style=\"width: 400px;\" align=\"left\" valign=\"top\"><span class=\"Stil1\"><span style=\"text-decoration: underline;\"><span style=\"font-size: medium;\">Einheitswagen 1. Klasse<br \/>\n<\/span><\/span><br \/>\n<\/span><\/p>\n<table style=\"width: 360px; height: 67px;\" border=\"0\">\n<tbody>\n<tr>\n<td scope=\"row\" width=\"100\">\n<div align=\"left\">Gattung<\/div>\n<\/td>\n<td width=\"250\">&nbsp;KB4<\/td>\n<\/tr>\n<tr>\n<td scope=\"row\">\n<div align=\"left\">Nummern<\/div>\n<\/td>\n<td>&nbsp;970-004<\/td>\n<\/tr>\n<tr>\n<td scope=\"row\">\n<div align=\"left\">Baujahre<\/div>\n<\/td>\n<td>&nbsp;1929 Werdau<\/td>\n<\/tr>\n<\/tbody>\n<\/table>\n<p>nicht einsatzf\u00e4hig<\/td>\n<\/tr>\n<tr>\n<td>\n<p><div id=\"attachment_2709\" style=\"width: 220px\" class=\"wp-caption alignleft\"><a href=\"http:\/\/ig.weisseritztalbahn.de\/wp-content\/uploads\/2013\/03\/11-IMG_1383.jpg\" rel=\"lightbox\"><img loading=\"lazy\" decoding=\"async\" aria-describedby=\"caption-attachment-2709\" class=\" wp-image-2709 \" src=\"http:\/\/ig.weisseritztalbahn.de\/wp-content\/uploads\/2013\/03\/11-IMG_1383-300x200.jpg\" alt=\"970-001\" width=\"210\" height=\"140\" srcset=\"https:\/\/www.weisseritztalbahn.de\/wp-content\/uploads\/2013\/03\/11-IMG_1383-300x200.jpg 300w, https:\/\/www.weisseritztalbahn.de\/wp-content\/uploads\/2013\/03\/11-IMG_1383-150x100.jpg 150w, https:\/\/www.weisseritztalbahn.de\/wp-content\/uploads\/2013\/03\/11-IMG_1383.jpg 600w\" sizes=\"auto, (max-width: 210px) 100vw, 210px\" \/><\/a><p id=\"caption-attachment-2709\" class=\"wp-caption-text\">970-00<\/p><\/div><\/td>\n<td><span style=\"text-decoration: underline;\"><span class=\"Stil1\"><span style=\"font-size: medium;\">Einheitswagen 2. Klasse<\/span> <\/span><\/span><\/p>\n<table style=\"width: 360px; height: 67px;\" border=\"0\">\n<tbody>\n<tr>\n<td scope=\"row\" width=\"100\">\n<div align=\"left\">Gattung<\/div>\n<\/td>\n<td width=\"250\">&nbsp;KB4<\/td>\n<\/tr>\n<tr>\n<td scope=\"row\">\n<div align=\"left\">Nummern<\/div>\n<\/td>\n<td>&nbsp;970-001<\/td>\n<\/tr>\n<tr>\n<td scope=\"row\">\n<div align=\"left\">Baujahre<\/div>\n<\/td>\n<td>&nbsp;1929&nbsp; Werdau<\/td>\n<\/tr>\n<\/tbody>\n<\/table>\n<p>&nbsp;<\/td>\n<\/tr>\n<tr>\n<td>\n<p><div id=\"attachment_2700\" style=\"width: 220px\" class=\"wp-caption alignleft\"><a href=\"http:\/\/ig.weisseritztalbahn.de\/wp-content\/uploads\/2013\/03\/02-IMG_1328.jpg\" rel=\"lightbox\"><img loading=\"lazy\" decoding=\"async\" aria-describedby=\"caption-attachment-2700\" class=\" wp-image-2700 \" src=\"http:\/\/ig.weisseritztalbahn.de\/wp-content\/uploads\/2013\/03\/02-IMG_1328-300x200.jpg\" alt=\"970-440\" width=\"210\" height=\"140\" srcset=\"https:\/\/www.weisseritztalbahn.de\/wp-content\/uploads\/2013\/03\/02-IMG_1328-300x200.jpg 300w, https:\/\/www.weisseritztalbahn.de\/wp-content\/uploads\/2013\/03\/02-IMG_1328-150x100.jpg 150w, https:\/\/www.weisseritztalbahn.de\/wp-content\/uploads\/2013\/03\/02-IMG_1328.jpg 600w\" sizes=\"auto, (max-width: 210px) 100vw, 210px\" \/><\/a><p id=\"caption-attachment-2700\" class=\"wp-caption-text\">970-440<\/p><\/div><\/td>\n<td><span style=\"text-decoration: underline;\"><span class=\"Stil1\" style=\"font-size: medium;\">Einheitswagen 3. Klasse<\/span><\/span><\/p>\n<table style=\"width: 360px; height: 67px;\" border=\"0\">\n<tbody>\n<tr>\n<td scope=\"row\" width=\"100\">\n<div align=\"left\">Gattung<\/div>\n<\/td>\n<td width=\"250\">&nbsp;KC4<\/td>\n<\/tr>\n<tr>\n<td scope=\"row\">\n<div align=\"left\">Nummern<\/div>\n<\/td>\n<td>&nbsp;970-440<\/td>\n<\/tr>\n<tr>\n<td scope=\"row\">\n<div align=\"left\">Baujahre<\/div>\n<\/td>\n<td>&nbsp;1930 Bautzen<\/td>\n<\/tr>\n<\/tbody>\n<\/table>\n<p>Die Einheitswagen der ehem. 3. Klasse sind \u00e4u\u00dferlich an der Anzahl der Abteilfenster gegn\u00fcber der 2. Klasse -7 statt 6- erkennbar.<\/td>\n<\/tr>\n<tr>\n<td>\n<p><div id=\"attachment_2599\" style=\"width: 220px\" class=\"wp-caption alignleft\"><a href=\"http:\/\/ig.weisseritztalbahn.de\/wp-content\/uploads\/2013\/01\/19-IMG_3677.jpg\" rel=\"lightbox\"><img loading=\"lazy\" decoding=\"async\" aria-describedby=\"caption-attachment-2599\" class=\" wp-image-2599 \" src=\"http:\/\/ig.weisseritztalbahn.de\/wp-content\/uploads\/2013\/01\/19-IMG_3677-300x200.jpg\" alt=\"Salonwagen 970-445\" width=\"210\" height=\"140\" srcset=\"https:\/\/www.weisseritztalbahn.de\/wp-content\/uploads\/2013\/01\/19-IMG_3677-300x200.jpg 300w, https:\/\/www.weisseritztalbahn.de\/wp-content\/uploads\/2013\/01\/19-IMG_3677-150x100.jpg 150w, https:\/\/www.weisseritztalbahn.de\/wp-content\/uploads\/2013\/01\/19-IMG_3677.jpg 800w\" sizes=\"auto, (max-width: 210px) 100vw, 210px\" \/><\/a><p id=\"caption-attachment-2599\" class=\"wp-caption-text\">Salonwagen 970-445<\/p><\/div><\/td>\n<td><span style=\"text-decoration: underline; font-size: medium;\"><span class=\"Stil1\">Salonwagen <\/span><\/span><\/p>\n<table style=\"width: 360px; height: 67px;\" border=\"0\">\n<tbody>\n<tr>\n<td scope=\"row\" width=\"100\">\n<div align=\"left\">Gattung<\/div>\n<\/td>\n<td width=\"250\">&nbsp;KC4<\/td>\n<\/tr>\n<tr>\n<td scope=\"row\">\n<div align=\"left\">Nummer<\/div>\n<\/td>\n<td>&nbsp;970-445<\/td>\n<\/tr>\n<tr>\n<td scope=\"row\">\n<div align=\"left\">Baujahr<\/div>\n<\/td>\n<td>&nbsp;1930 Bautzen<\/td>\n<\/tr>\n<\/tbody>\n<\/table>\n<p>einsatzf\u00e4hig<\/td>\n<\/tr>\n<\/tbody>\n<\/table>\n","protected":false},"excerpt":{"rendered":"<p>&nbsp; &nbsp; &nbsp; Einheitswagen 1. Klasse Gattung &nbsp;KB4 Nummern &nbsp;970-004 Baujahre &nbsp;1929 Werdau nicht einsatzf\u00e4hig Einheitswagen 2. Klasse Gattung &nbsp;KB4 Nummern &nbsp;970-001 Baujahre &nbsp;1929&nbsp; Werdau &nbsp; Einheitswagen 3. Klasse Gattung &nbsp;KC4 Nummern &nbsp;970-440 Baujahre &nbsp;1930 Bautzen Die Einheitswagen der ehem. 3. Klasse sind \u00e4u\u00dferlich an der Anzahl der Abteilfenster gegn\u00fcber der 2. Klasse -7 statt [&hellip;]<\/p>\n","protected":false},"author":1,"featured_media":0,"parent":2259,"menu_order":1,"comment_status":"closed","ping_status":"closed","template":"","meta":{"ngg_post_thumbnail":0,"footnotes":""},"categories":[],"tags":[],"class_list":["post-2532","page","type-page","status-publish","hentry"],"_links":{"self":[{"href":"https:\/\/www.weisseritztalbahn.de\/home\/wp-json\/wp\/v2\/pages\/2532","targetHints":{"allow":["GET"]}}],"collection":[{"href":"https:\/\/www.weisseritztalbahn.de\/home\/wp-json\/wp\/v2\/pages"}],"about":[{"href":"https:\/\/www.weisseritztalbahn.de\/home\/wp-json\/wp\/v2\/types\/page"}],"author":[{"embeddable":true,"href":"https:\/\/www.weisseritztalbahn.de\/home\/wp-json\/wp\/v2\/users\/1"}],"replies":[{"embeddable":true,"href":"https:\/\/www.weisseritztalbahn.de\/home\/wp-json\/wp\/v2\/comments?post=2532"}],"version-history":[{"count":34,"href":"https:\/\/www.weisseritztalbahn.de\/home\/wp-json\/wp\/v2\/pages\/2532\/revisions"}],"predecessor-version":[{"id":6934,"href":"https:\/\/www.weisseritztalbahn.de\/home\/wp-json\/wp\/v2\/pages\/2532\/revisions\/6934"}],"up":[{"embeddable":true,"href":"https:\/\/www.weisseritztalbahn.de\/home\/wp-json\/wp\/v2\/pages\/2259"}],"wp:attachment":[{"href":"https:\/\/www.weisseritztalbahn.de\/home\/wp-json\/wp\/v2\/media?parent=2532"}],"wp:term":[{"taxonomy":"category","embeddable":true,"href":"https:\/\/www.weisseritztalbahn.de\/home\/wp-json\/wp\/v2\/categories?post=2532"},{"taxonomy":"post_tag","embeddable":true,"href":"https:\/\/www.weisseritztalbahn.de\/home\/wp-json\/wp\/v2\/tags?post=2532"}],"curies":[{"name":"wp","href":"https:\/\/api.w.org\/{rel}","templated":true}]}}