{"id":2530,"date":"2013-02-02T20:28:44","date_gmt":"2013-02-02T19:28:44","guid":{"rendered":"http:\/\/ig.weisseritztalbahn.de\/?page_id=2530"},"modified":"2021-01-05T12:13:40","modified_gmt":"2021-01-05T11:13:40","slug":"landerbahnwagen","status":"publish","type":"page","link":"https:\/\/www.weisseritztalbahn.de\/home\/wagenpark\/landerbahnwagen\/","title":{"rendered":"L\u00e4nderbahnwagen"},"content":{"rendered":"<table style=\"width: 550px;\" border=\"0\">\n<tbody>\n<tr>\n<td width=\"140\">\n<p><div id=\"attachment_2812\" style=\"width: 220px\" class=\"wp-caption alignleft\"><a href=\"http:\/\/ig.weisseritztalbahn.de\/wp-content\/uploads\/2013\/04\/970-343.jpg\" rel=\"lightbox\"><img loading=\"lazy\" decoding=\"async\" aria-describedby=\"caption-attachment-2812\" class=\" wp-image-2812  \" alt=\"970-343\" src=\"http:\/\/ig.weisseritztalbahn.de\/wp-content\/uploads\/2013\/04\/970-343-300x200.jpg\" width=\"210\" height=\"140\" srcset=\"https:\/\/www.weisseritztalbahn.de\/wp-content\/uploads\/2013\/04\/970-343-300x200.jpg 300w, https:\/\/www.weisseritztalbahn.de\/wp-content\/uploads\/2013\/04\/970-343-150x100.jpg 150w, https:\/\/www.weisseritztalbahn.de\/wp-content\/uploads\/2013\/04\/970-343.jpg 800w\" sizes=\"auto, (max-width: 210px) 100vw, 210px\" \/><\/a><p id=\"caption-attachment-2812\" class=\"wp-caption-text\">970-343<\/p><\/div><\/td>\n<td width=\"400\"><span class=\"Stil1\"><span style=\"text-decoration: underline;\"><span style=\"font-size: medium;\">L\u00e4nderbahnwagen<\/span><\/span><br \/>\n<\/span><\/p>\n<table style=\"width: 400px;\" border=\"0\">\n<tbody>\n<tr>\n<td scope=\"row\" width=\"100\">\n<div align=\"left\">Gattung<\/div>\n<\/td>\n<td width=\"250\">711 (K.S\u00e4chs.Sts.E.B.), BCC (DRG)<\/td>\n<\/tr>\n<tr>\n<td scope=\"row\">\n<div align=\"left\">Nummer<\/div>\n<\/td>\n<td>&nbsp;970-343<\/td>\n<\/tr>\n<tr>\n<td scope=\"row\">\n<div align=\"left\">Baujahre<\/div>\n<\/td>\n<td>&nbsp;1910 Bautzen<\/td>\n<\/tr>\n<\/tbody>\n<\/table>\n<p>&nbsp;<\/td>\n<\/tr>\n<tr>\n<td>\n<p><div id=\"attachment_2701\" style=\"width: 220px\" class=\"wp-caption alignleft\"><a href=\"http:\/\/ig.weisseritztalbahn.de\/wp-content\/uploads\/2013\/03\/03-IMG_1330.jpg\" rel=\"lightbox\"><img loading=\"lazy\" decoding=\"async\" aria-describedby=\"caption-attachment-2701\" class=\" wp-image-2701  \" alt=\"970-521\" src=\"http:\/\/ig.weisseritztalbahn.de\/wp-content\/uploads\/2013\/03\/03-IMG_1330-300x200.jpg\" width=\"210\" height=\"140\" srcset=\"https:\/\/www.weisseritztalbahn.de\/wp-content\/uploads\/2013\/03\/03-IMG_1330-300x200.jpg 300w, https:\/\/www.weisseritztalbahn.de\/wp-content\/uploads\/2013\/03\/03-IMG_1330-150x100.jpg 150w, https:\/\/www.weisseritztalbahn.de\/wp-content\/uploads\/2013\/03\/03-IMG_1330.jpg 600w\" sizes=\"auto, (max-width: 210px) 100vw, 210px\" \/><\/a><p id=\"caption-attachment-2701\" class=\"wp-caption-text\">970-521<\/p><\/div><\/td>\n<td><span style=\"text-decoration: underline;\"><span class=\"Stil1\" style=\"font-size: medium;\">Traglastenwagen<\/span><\/span><\/p>\n<table style=\"width: 400px;\" border=\"0\">\n<tbody>\n<tr>\n<td scope=\"row\" width=\"100\">\n<div align=\"left\">Gattung<\/div>\n<\/td>\n<td width=\"250\">&nbsp;729 (K.S\u00e4chs.Sts.E.B.), D4tr (DRG)<\/td>\n<\/tr>\n<tr>\n<td scope=\"row\">\n<div align=\"left\">Nummer<\/div>\n<\/td>\n<td>&nbsp;970-521<\/td>\n<\/tr>\n<tr>\n<td scope=\"row\">\n<div align=\"left\">Baujahre<\/div>\n<\/td>\n<td>&nbsp;1922 Werdau<\/td>\n<\/tr>\n<\/tbody>\n<\/table>\n<p>&nbsp;<\/td>\n<\/tr>\n<\/tbody>\n<\/table>\n","protected":false},"excerpt":{"rendered":"<p>L\u00e4nderbahnwagen Gattung 711 (K.S\u00e4chs.Sts.E.B.), BCC (DRG) Nummer &nbsp;970-343 Baujahre &nbsp;1910 Bautzen &nbsp; Traglastenwagen Gattung &nbsp;729 (K.S\u00e4chs.Sts.E.B.), D4tr (DRG) Nummer &nbsp;970-521 Baujahre &nbsp;1922 Werdau &nbsp;<\/p>\n","protected":false},"author":1,"featured_media":0,"parent":2259,"menu_order":5,"comment_status":"closed","ping_status":"closed","template":"","meta":{"ngg_post_thumbnail":0,"footnotes":""},"categories":[],"tags":[],"class_list":["post-2530","page","type-page","status-publish","hentry"],"_links":{"self":[{"href":"https:\/\/www.weisseritztalbahn.de\/home\/wp-json\/wp\/v2\/pages\/2530","targetHints":{"allow":["GET"]}}],"collection":[{"href":"https:\/\/www.weisseritztalbahn.de\/home\/wp-json\/wp\/v2\/pages"}],"about":[{"href":"https:\/\/www.weisseritztalbahn.de\/home\/wp-json\/wp\/v2\/types\/page"}],"author":[{"embeddable":true,"href":"https:\/\/www.weisseritztalbahn.de\/home\/wp-json\/wp\/v2\/users\/1"}],"replies":[{"embeddable":true,"href":"https:\/\/www.weisseritztalbahn.de\/home\/wp-json\/wp\/v2\/comments?post=2530"}],"version-history":[{"count":16,"href":"https:\/\/www.weisseritztalbahn.de\/home\/wp-json\/wp\/v2\/pages\/2530\/revisions"}],"predecessor-version":[{"id":6929,"href":"https:\/\/www.weisseritztalbahn.de\/home\/wp-json\/wp\/v2\/pages\/2530\/revisions\/6929"}],"up":[{"embeddable":true,"href":"https:\/\/www.weisseritztalbahn.de\/home\/wp-json\/wp\/v2\/pages\/2259"}],"wp:attachment":[{"href":"https:\/\/www.weisseritztalbahn.de\/home\/wp-json\/wp\/v2\/media?parent=2530"}],"wp:term":[{"taxonomy":"category","embeddable":true,"href":"https:\/\/www.weisseritztalbahn.de\/home\/wp-json\/wp\/v2\/categories?post=2530"},{"taxonomy":"post_tag","embeddable":true,"href":"https:\/\/www.weisseritztalbahn.de\/home\/wp-json\/wp\/v2\/tags?post=2530"}],"curies":[{"name":"wp","href":"https:\/\/api.w.org\/{rel}","templated":true}]}}