{"id":23,"date":"2011-04-01T22:09:02","date_gmt":"2011-04-01T20:09:02","guid":{"rendered":"http:\/\/ig.weisseritztalbahn.de\/?page_id=23"},"modified":"2021-01-08T17:21:14","modified_gmt":"2021-01-08T16:21:14","slug":"strecke","status":"publish","type":"page","link":"https:\/\/www.weisseritztalbahn.de\/home\/strecke\/","title":{"rendered":"\u00dcber die Strecke"},"content":{"rendered":"<div>\n<p><img decoding=\"async\" class=\"aligncenter\" style=\"border-style: none;\" src=\"http:\/\/www.weisseritztalbahn.de\/wp-content\/uploads\/2017\/11\/Strecke2017_a.jpg\" alt=\"\" usemap=\"#Strecke_2011_v1a.\"><\/p>\n<\/div>\n<p style=\"text-align: center;\"><span style=\"color: #000000;\"><em><b>F\u00fcr weitere Informationen bitte auf den Stationsnamen klicken <\/b><\/em><\/span><\/p>\n<div><span style=\"color: #000000;\"><\/p>\n<map id=\"Strecke_2011_v1a.\" name=\"Strecke_2011_v1a.\">\n<area title=\"Freital-Hainsberg\" alt=\"Freital-Hainsberg\" coords=\"48,1,80,1,34,227,9,237,1,205,11,188\" shape=\"poly\" href=\"http:\/\/ig.weisseritztalbahn.de\/?p=2012\">\n<area title=\"Co\u00dfmannsdorf\" alt=\"Co\u00dfmannsdorf\" coords=\"83,30,104,34,93,138,83,202,71,241,61,263,45,262,35,250,43,212\" shape=\"poly\" href=\"http:\/\/ig.weisseritztalbahn.de\/?p=2015\">\n<area title=\"Rabenau\" alt=\"Rabenau\" coords=\"101,124,125,126,109,218,107,233,104,243,87,244,79,237\" shape=\"poly\" href=\"http:\/\/ig.weisseritztalbahn.de\/?p=2017\">\n<area title=\"Spechtritz\" alt=\"Spechtritz\" coords=\"130,111,156,114,140,187,140,195,135,216,137,238,112,241,109,235,114,208\" shape=\"poly\" href=\"http:\/\/ig.weisseritztalbahn.de\/?p=2019\">\n<area title=\"Seifersdorf\" alt=\"Seifersdorf\" coords=\"161,79,187,86,178,153,166,199,166,222,144,232,136,222,138,206\" shape=\"poly\" href=\"http:\/\/ig.weisseritztalbahn.de\/?p=2021\">\n<area title=\"Malter\" alt=\"Malter\" coords=\"192,125,225,135,208,232,171,228,174,199\" shape=\"poly\" href=\"http:\/\/ig.weisseritztalbahn.de\/?p=2024\">\n<area title=\"Dipps\" alt=\"Dipps\" coords=\"292,20,342,24,300,238,247,229\" shape=\"poly\" href=\"http:\/\/ig.weisseritztalbahn.de\/?p=2026\">\n<area title=\"Ulerndorf\" alt=\"Ulerndorf\" coords=\"341,82,375,86,356,201,349,215,326,228,315,208\" shape=\"poly\" href=\"http:\/\/ig.weisseritztalbahn.de\/?p=2035\">\n<area title=\"Obercarsdorf\" alt=\"Obercarsdorf\" coords=\"377,103,403,108,373,262,348,263,340,253,355,213\" shape=\"poly\" href=\"http:\/\/ig.weisseritztalbahn.de\/?p=2038\">\n<area title=\"Naundorf\" alt=\"Naundorf\" coords=\"417,18,444,22,438,72,406,240,411,258,383,265,379,248\" shape=\"poly\" href=\"http:\/\/ig.weisseritztalbahn.de\/?p=2040\">\n<area title=\"Schmiedeberg\" alt=\"Schmiedeberg\" coords=\"442,85,456,89,457,106,435,224,437,238,439,248,420,258,411,239\" shape=\"poly\" href=\"http:\/\/ig.weisseritztalbahn.de\/?p=2042\">\n<area title=\"Buschm\u00fchle\" alt=\"Buschm\u00fchle\" coords=\"465,81,490,89,465,230,449,242,441,230,437,222,445,197\" shape=\"poly\" href=\"http:\/\/ig.weisseritztalbahn.de\/?p=2044\">\n<area title=\"Kipsdorf\" alt=\"Kipsdorf\" coords=\"517,5,568,15,521,237,474,242,490,144\" shape=\"poly\" href=\"http:\/\/ig.weisseritztalbahn.de\/?p=2046\">\n<area shape=\"default\">\n <\/map>\n<p><\/span><\/div>\n<table id=\"AutoNumber4\" border=\"0\" cellspacing=\"0\">\n<tbody>\n<tr>\n<td width=\"367\">\n<h5><span style=\"color: #000000;\">Die Schmalspurbahn wurde in den Jahren <strong>1881 bis1883<\/strong> mit einer Spurweite von <strong>750 mm<\/strong> erbaut.<\/span><\/h5>\n<h5><span style=\"color: #000000;\">Schon am 1. November 1882 fand die Inbetriebnahme bis Schmiedeberg statt. Bereits 10 Monate sp\u00e4ter, am <strong><br \/>\n3. September 1883,<\/strong> ging die gesamte Strecke in Betrieb.<\/span><\/h5>\n<\/td>\n<td rowspan=\"3\" width=\"58\">&nbsp;<\/td>\n<td width=\"251\">\n<table id=\"AutoNumber5\" style=\"width: 96%;\" border=\"0\" cellspacing=\"0\">\n<tbody>\n<tr>\n<td width=\"59%\">\n<h5><span style=\"font-size: x-small; color: #000000;\">Streckenl\u00e4nge&#8230;&#8230;&#8230;&#8230;&#8230;&#8230;&#8230;&#8230;&#8230;&#8230;&#8230;26,3 Km<br \/>\nH\u00f6henunterschied&#8230;&#8230;&#8230;&#8230;&#8230;&#8230;&#8230;&#8230;&#8230;.350 m<\/span><\/h5>\n<h5><span style=\"color: #000000;\"><span style=\"font-size: x-small;\"> max. Steigung&#8230;&#8230;&#8230;&#8230;&#8230;&#8230;&#8230;&#8230;&#8230;&#8230;&#8230;1 : 28,8<br \/>\n<\/span><span style=\"font-size: xx-small;\">(zwischen Bahn\u00fcbergang&nbsp;&nbsp;mit B170 und Stellwerk Kurort Kipsdorf)<\/span><span style=\"font-size: x-small;\"><br \/>\nmin. Bogenradius&#8230;&#8230;&#8230;&#8230;&#8230;&#8230;&#8230;&#8230;&#8230;50<br \/>\nBahnh\u00f6fe\/ Haltepunkte&#8230;&#8230;&#8230;&#8230;&#8230;&#8230;..13<br \/>\nBr\u00fccken&#8230;&#8230;&#8230;&#8230;&#8230;&#8230;&#8230;&#8230;&#8230;&#8230;&#8230;&#8230;&#8230;..34<\/span><\/span><\/h5>\n<\/td>\n<\/tr>\n<\/tbody>\n<\/table>\n<\/td>\n<\/tr>\n<\/tbody>\n<\/table>\n","protected":false},"excerpt":{"rendered":"<p>F\u00fcr weitere Informationen bitte auf den Stationsnamen klicken Die Schmalspurbahn wurde in den Jahren 1881 bis1883 mit einer Spurweite von 750 mm erbaut. Schon am 1. November 1882 fand die Inbetriebnahme bis Schmiedeberg statt. Bereits 10 Monate sp\u00e4ter, am 3. September 1883, ging die gesamte Strecke in Betrieb. &nbsp; Streckenl\u00e4nge&#8230;&#8230;&#8230;&#8230;&#8230;&#8230;&#8230;&#8230;&#8230;&#8230;&#8230;26,3 Km H\u00f6henunterschied&#8230;&#8230;&#8230;&#8230;&#8230;&#8230;&#8230;&#8230;&#8230;.350 m max. Steigung&#8230;&#8230;&#8230;&#8230;&#8230;&#8230;&#8230;&#8230;&#8230;&#8230;&#8230;1 [&hellip;]<\/p>\n","protected":false},"author":1,"featured_media":0,"parent":0,"menu_order":10,"comment_status":"closed","ping_status":"closed","template":"","meta":{"ngg_post_thumbnail":0,"footnotes":""},"categories":[1],"tags":[],"class_list":["post-23","page","type-page","status-publish","hentry","category-allgemein"],"_links":{"self":[{"href":"https:\/\/www.weisseritztalbahn.de\/home\/wp-json\/wp\/v2\/pages\/23","targetHints":{"allow":["GET"]}}],"collection":[{"href":"https:\/\/www.weisseritztalbahn.de\/home\/wp-json\/wp\/v2\/pages"}],"about":[{"href":"https:\/\/www.weisseritztalbahn.de\/home\/wp-json\/wp\/v2\/types\/page"}],"author":[{"embeddable":true,"href":"https:\/\/www.weisseritztalbahn.de\/home\/wp-json\/wp\/v2\/users\/1"}],"replies":[{"embeddable":true,"href":"https:\/\/www.weisseritztalbahn.de\/home\/wp-json\/wp\/v2\/comments?post=23"}],"version-history":[{"count":43,"href":"https:\/\/www.weisseritztalbahn.de\/home\/wp-json\/wp\/v2\/pages\/23\/revisions"}],"predecessor-version":[{"id":6925,"href":"https:\/\/www.weisseritztalbahn.de\/home\/wp-json\/wp\/v2\/pages\/23\/revisions\/6925"}],"wp:attachment":[{"href":"https:\/\/www.weisseritztalbahn.de\/home\/wp-json\/wp\/v2\/media?parent=23"}],"wp:term":[{"taxonomy":"category","embeddable":true,"href":"https:\/\/www.weisseritztalbahn.de\/home\/wp-json\/wp\/v2\/categories?post=23"},{"taxonomy":"post_tag","embeddable":true,"href":"https:\/\/www.weisseritztalbahn.de\/home\/wp-json\/wp\/v2\/tags?post=23"}],"curies":[{"name":"wp","href":"https:\/\/api.w.org\/{rel}","templated":true}]}}