{"id":2261,"date":"2012-04-08T20:47:54","date_gmt":"2012-04-08T19:47:54","guid":{"rendered":"http:\/\/ig.weisseritztalbahn.de\/?page_id=2261"},"modified":"2026-03-24T10:52:14","modified_gmt":"2026-03-24T09:52:14","slug":"interessengemeinschaft","status":"publish","type":"page","link":"https:\/\/www.weisseritztalbahn.de\/home\/interessengemeinschaft\/","title":{"rendered":"Interessengemeinschaft"},"content":{"rendered":"\n<p><span style=\"color: #000000; font-size: small;\"><strong>Der Verein wurde 1978 als Arbeitsgemeinschaft 3\/67 des Deutschen Modelleisenbahner Verbandes (DMV) gegr\u00fcndet und seit 1991 als &#8220;IG Wei\u00dferitztalbahn e. V.&#8221; weitergef\u00fchrt. <\/strong><strong>Unsere Zielstellung besteht seit Gr\u00fcndung im Erhalt der landschaftlich reizvollen und technisch interessanten Schmalspurstrecke in das Osterzgebirge.<\/strong><strong> Waren in den ersten Jahren vorwiegend Arbeitseins\u00e4tze im Gleisbau Inhalt der Vereinst\u00e4tigkeit, so sind es heute die Erhaltung der vom Verein genutzten Objekte (Wartehalle mit Fahrkartenschalter in Freital-Co\u00dfmannsdorf, Empfangsgeb\u00e4ude Freital-Hainsberg, Seifersdorf und Malter), die Restaurierung von Fahrzeugen (Draisine, verschiedene G\u00fcter- und Rollwagen, Einheitspersonenwagen 970-443 u. a.). Nach dem erfolgreichen Kampf f\u00fcr den Wiederaufbau ist nun das zuk\u00fcnftige Bestreben gemeinsam mit dem Betreiber \u201eSDG &#8211; S\u00e4chsische Dampfeisenbahngesellschaft\u201c, dem Landkreis und den Anliegergemeinden die Attraktivit\u00e4t der Wei\u00dferitztalbahn zu steigern. Mit Wiederaufnahme des Betriebes nach der Hochwasserschadensbeseitigung sind sowohl die Durchf\u00fchrung von Sonderfahrten mit historischen Fahrzeugen, als auch die allseits beliebten Nikolausfahrten geplant. Ebenfalls wird dann auch wieder die Anmietung des seit 20 Jahren vom Verein betreuten orange\/elfenbein-farbenen Salonwagens m\u00f6glich sein. Seit 1998 befindet sich unser Vereinsb\u00fcro mit Fahrkarten- und Souvenirverkauf in der Bahnhofshalle des Bahnhofes Freital-Hainsberg und ist t\u00e4glich ge\u00f6ffnet. Sollten Sie Interesse an einer Mitarbeit in unserem Verein als aktives oder f\u00f6rderndes Mitglied haben oder unsere Arbeit mit Spenden unterst\u00fctzen wollen, so finden Sie auf dieser Seite unsere Kommunikations- und Bankverbindungen (Spendenkonto). Anfragen werden gern beantwortet.<\/strong><\/span><\/p>\n\n\n\n<p><span style=\"color: #000000; font-size: small;\"><strong>Wir bedanken uns f\u00fcr Ihr Interesse und w\u00fcnschen in B\u00e4lde <\/strong><\/span><br><span style=\"color: #000000; font-size: small;\"> <strong>wieder eine Gute Fahrt mit der Wei\u00dferitztalbahn <\/strong><\/span><\/p>\n\n\n\n<p><span style=\"font-size: small; color: #000000;\"><strong>Ihre IG Wei\u00dferitztalbahn e. V.<\/strong><\/span><\/p>\n\n\n\n<div class=\"wp-block-columns is-layout-flex wp-container-core-columns-is-layout-2 wp-block-columns-is-layout-flex\">\n<div class=\"wp-block-column is-layout-flow wp-block-column-is-layout-flow\" style=\"flex-basis:100%\">\n<div class=\"wp-block-columns is-layout-flex wp-container-core-columns-is-layout-1 wp-block-columns-is-layout-flex\">\n<div class=\"wp-block-column is-layout-flow wp-block-column-is-layout-flow\" style=\"flex-basis:90%\">\n<figure class=\"wp-block-table alignleft\"><table><tbody><tr><td>Gegr\u00fcndet<\/td><td>1978<\/td><\/tr><tr><td>Sitz<\/td><td>Freital<\/td><\/tr><tr><td>Registriert<\/td><td>unter Nr.: 40272 des Registergerichts am Amtsgericht Dresden<\/td><\/tr><tr><td><\/td><td>Vom Finanzamt Freital als gemeinn\u00fctzig im Sinne der Abgabenordnung anerkannt<\/td><\/tr><tr><td>Bankverbindung<\/td><td>IBAN: DE08 8505 0300 3020 0003 85BIC: OSDDDE81XXX<\/td><\/tr><tr><td>Postanschrift<\/td><td>Dresdner Str. 280   D-01705 Freital<\/td><\/tr><tr><td>Telefon<\/td><td>0351-6412701<\/td><\/tr><tr><td>Fax<\/td><td>0351-6411495<\/td><\/tr><tr><td>E-Mail<\/td><td>igw(at)weisseritztalbahn.de<\/td><\/tr><\/tbody><\/table><\/figure>\n\n\n\n<p><\/p>\n<\/div>\n<\/div>\n<\/div>\n<\/div>\n\n\n\n<p class=\"has-large-font-size\"><strong>    <\/strong>Der Vorstand<\/p>\n\n\n\n<p>Stand: 21. M\u00e4rz 2026<\/p>\n\n\n\n<div class=\"wp-block-columns is-layout-flex wp-container-core-columns-is-layout-4 wp-block-columns-is-layout-flex\">\n<div class=\"wp-block-column is-layout-flow wp-block-column-is-layout-flow\" style=\"flex-basis:100%\">\n<div class=\"wp-block-columns is-layout-flex wp-container-core-columns-is-layout-3 wp-block-columns-is-layout-flex\">\n<div class=\"wp-block-column is-layout-flow wp-block-column-is-layout-flow\" style=\"flex-basis:85%\">\n<figure class=\"wp-block-table alignleft\"><table><thead><tr><th><strong>Funktion<\/strong><\/th><th>Name<\/th><th>Mail<\/th><\/tr><\/thead><tbody><tr><td>Vorsitzender<\/td><td>Ralf Kempe<\/td><td>ralf.kempe(at)weisseritztalbahn.de<\/td><\/tr><tr><td>Stellvertreter<\/td><td>Toni B\u00f6hme<\/td><td>igw(at)weisseritztalbahn.de<\/td><\/tr><tr><td>Kassenwart<\/td><td>Thomas Hornuff<\/td><td>igw(at)weisseritztalbahn.de<\/td><\/tr><tr><td>1. Beisitzer<\/td><td>Dirk Steckel<\/td><td>dirk.steckel(at)weisseritztalbahn.de<\/td><\/tr><tr><td>2. Beisitzer<\/td><td>Frank Bardoux<\/td><td>webmaster(at)weisseritztalbahn.de<\/td><\/tr><tr><td>3. Beisitzer<\/td><td>Kevin Steckel<\/td><td>igw(at)weisseritztalbahn.de<\/td><\/tr><\/tbody><\/table><\/figure>\n<\/div>\n<\/div>\n\n\n\n<p><\/p>\n<\/div>\n<\/div>\n\n\n\n<p><\/p>\n","protected":false},"excerpt":{"rendered":"<p>Der Verein wurde 1978 als Arbeitsgemeinschaft 3\/67 des Deutschen Modelleisenbahner Verbandes (DMV) gegr\u00fcndet und seit 1991 als &#8220;IG Wei\u00dferitztalbahn e. V.&#8221; weitergef\u00fchrt. Unsere Zielstellung besteht seit Gr\u00fcndung im Erhalt der landschaftlich reizvollen und technisch interessanten Schmalspurstrecke in das Osterzgebirge. Waren in den ersten Jahren vorwiegend Arbeitseins\u00e4tze im Gleisbau Inhalt der Vereinst\u00e4tigkeit, so sind es heute [&hellip;]<\/p>\n","protected":false},"author":1,"featured_media":0,"parent":0,"menu_order":13,"comment_status":"closed","ping_status":"closed","template":"","meta":{"ngg_post_thumbnail":0,"footnotes":""},"categories":[],"tags":[],"class_list":["post-2261","page","type-page","status-publish","hentry"],"_links":{"self":[{"href":"https:\/\/www.weisseritztalbahn.de\/home\/wp-json\/wp\/v2\/pages\/2261","targetHints":{"allow":["GET"]}}],"collection":[{"href":"https:\/\/www.weisseritztalbahn.de\/home\/wp-json\/wp\/v2\/pages"}],"about":[{"href":"https:\/\/www.weisseritztalbahn.de\/home\/wp-json\/wp\/v2\/types\/page"}],"author":[{"embeddable":true,"href":"https:\/\/www.weisseritztalbahn.de\/home\/wp-json\/wp\/v2\/users\/1"}],"replies":[{"embeddable":true,"href":"https:\/\/www.weisseritztalbahn.de\/home\/wp-json\/wp\/v2\/comments?post=2261"}],"version-history":[{"count":23,"href":"https:\/\/www.weisseritztalbahn.de\/home\/wp-json\/wp\/v2\/pages\/2261\/revisions"}],"predecessor-version":[{"id":9801,"href":"https:\/\/www.weisseritztalbahn.de\/home\/wp-json\/wp\/v2\/pages\/2261\/revisions\/9801"}],"wp:attachment":[{"href":"https:\/\/www.weisseritztalbahn.de\/home\/wp-json\/wp\/v2\/media?parent=2261"}],"wp:term":[{"taxonomy":"category","embeddable":true,"href":"https:\/\/www.weisseritztalbahn.de\/home\/wp-json\/wp\/v2\/categories?post=2261"},{"taxonomy":"post_tag","embeddable":true,"href":"https:\/\/www.weisseritztalbahn.de\/home\/wp-json\/wp\/v2\/tags?post=2261"}],"curies":[{"name":"wp","href":"https:\/\/api.w.org\/{rel}","templated":true}]}}