{"id":2259,"date":"2012-04-08T20:47:29","date_gmt":"2012-04-08T19:47:29","guid":{"rendered":"http:\/\/ig.weisseritztalbahn.de\/?page_id=2259"},"modified":"2023-11-08T21:51:36","modified_gmt":"2023-11-08T20:51:36","slug":"wagenpark","status":"publish","type":"page","link":"https:\/\/www.weisseritztalbahn.de\/home\/wagenpark\/","title":{"rendered":"\u00dcbersicht \u00fcber die Wagentypen"},"content":{"rendered":"<p><span style=\"font-size: medium;\"><strong>die auf der Wei\u00dferitztalbahn vorhanden sind.<\/strong><\/span><\/p>\n<p><span style=\"font-size: small; color: #000000;\">Die Personenwagen der Gattung KB4 und KB4tr stammen haupts\u00e4chlich aus den Baujahren 1906 &#8211; 1924 und 1929 &#8211; 1933. Sie wurden in verschiedenen Varianten rekonstruiert. <\/span><br \/>\n<span style=\"font-size: small; color: #000000;\">Der G\u00fcterverkehr wurde 1994 eingestellt. F\u00fcr stilgerechte Sonderfahrten werden die Schmalspurg\u00fcterwagen und Rollwagen noch eingesetzt.<\/span><\/p>\n<p><span style=\"font-size: small; color: #000000;\">Kupplungen: <\/span><br \/>\n<span style=\"font-size: small; color: #000000;\">Alle Wagen sind mit einer <span style=\"color: #ff0000;\"><a style=\"color: #ff0000;\" href=\"http:\/\/ig.weisseritztalbahn.de\/wp-content\/uploads\/2012\/04\/Scharfenberg.jpg\" rel=\"lightbox\">Scharfenbergkupplung<\/a> <\/span>ausger\u00fcstet. Die fr\u00fcher bei den Schmalspurbahnen \u00fcblichen Trichterkupplungen findet man bei uns nur noch an <a style=\"color: #000000;\" href=\"http:\/\/ig.weisseritztalbahn.de\/wp-content\/uploads\/2012\/04\/Trichterkupplung02.jpg\" rel=\"lightbox\"><span style=\"color: #ff0000;\">Bahnhofswagen<\/span> <\/a>und an den <span style=\"color: #ff0000;\"><a style=\"color: #ff0000;\" href=\"http:\/\/ig.weisseritztalbahn.de\/wp-content\/uploads\/2012\/04\/Trichterkupplung01.jpg\" rel=\"lightbox\">Rollwagen<\/a><\/span>.<\/span><\/p>\n<p><span style=\"font-size: small; color: #000000;\">Bremsanlagen: <\/span><br \/>\n<span style=\"font-size: small;\"><span style=\"color: #000000;\">Alle im Einsatz befindliche Wagen werden Druckluftgebremst (Bauart KE).<\/span><br \/>\n<\/span><\/p>\n","protected":false},"excerpt":{"rendered":"<p>die auf der Wei\u00dferitztalbahn vorhanden sind. Die Personenwagen der Gattung KB4 und KB4tr stammen haupts\u00e4chlich aus den Baujahren 1906 &#8211; 1924 und 1929 &#8211; 1933. Sie wurden in verschiedenen Varianten rekonstruiert. Der G\u00fcterverkehr wurde 1994 eingestellt. F\u00fcr stilgerechte Sonderfahrten werden die Schmalspurg\u00fcterwagen und Rollwagen noch eingesetzt. Kupplungen: Alle Wagen sind mit einer Scharfenbergkupplung ausger\u00fcstet. Die [&hellip;]<\/p>\n","protected":false},"author":1,"featured_media":0,"parent":0,"menu_order":12,"comment_status":"closed","ping_status":"closed","template":"","meta":{"ngg_post_thumbnail":0,"footnotes":""},"categories":[],"tags":[],"class_list":["post-2259","page","type-page","status-publish","hentry"],"_links":{"self":[{"href":"https:\/\/www.weisseritztalbahn.de\/home\/wp-json\/wp\/v2\/pages\/2259","targetHints":{"allow":["GET"]}}],"collection":[{"href":"https:\/\/www.weisseritztalbahn.de\/home\/wp-json\/wp\/v2\/pages"}],"about":[{"href":"https:\/\/www.weisseritztalbahn.de\/home\/wp-json\/wp\/v2\/types\/page"}],"author":[{"embeddable":true,"href":"https:\/\/www.weisseritztalbahn.de\/home\/wp-json\/wp\/v2\/users\/1"}],"replies":[{"embeddable":true,"href":"https:\/\/www.weisseritztalbahn.de\/home\/wp-json\/wp\/v2\/comments?post=2259"}],"version-history":[{"count":15,"href":"https:\/\/www.weisseritztalbahn.de\/home\/wp-json\/wp\/v2\/pages\/2259\/revisions"}],"predecessor-version":[{"id":6885,"href":"https:\/\/www.weisseritztalbahn.de\/home\/wp-json\/wp\/v2\/pages\/2259\/revisions\/6885"}],"wp:attachment":[{"href":"https:\/\/www.weisseritztalbahn.de\/home\/wp-json\/wp\/v2\/media?parent=2259"}],"wp:term":[{"taxonomy":"category","embeddable":true,"href":"https:\/\/www.weisseritztalbahn.de\/home\/wp-json\/wp\/v2\/categories?post=2259"},{"taxonomy":"post_tag","embeddable":true,"href":"https:\/\/www.weisseritztalbahn.de\/home\/wp-json\/wp\/v2\/tags?post=2259"}],"curies":[{"name":"wp","href":"https:\/\/api.w.org\/{rel}","templated":true}]}}