{"id":206,"date":"2009-11-18T00:08:51","date_gmt":"2009-11-17T23:08:51","guid":{"rendered":"http:\/\/www.news.weisseritztalbahn.de\/news1\/?page_id=31"},"modified":"2025-12-28T14:09:34","modified_gmt":"2025-12-28T13:09:34","slug":"fahrkartenagentur","status":"publish","type":"page","link":"https:\/\/www.weisseritztalbahn.de\/home\/fahrkartenagentur\/","title":{"rendered":"Fahrkartenagentur"},"content":{"rendered":"\n<p class=\"has-medium-font-size\"><span style=\"color: #000000;\">im Bahnhof Freital-Hainsberg<\/span><\/p>\n\n\n\n<p class=\"has-medium-font-size\"><span style=\"color: #000000;\">Dresdner Stra\u00dfe 280, 01705 Freital<\/span><\/p>\n\n\n\n<h3 class=\"wp-block-heading\"><span style=\"color: #000000;\">\u00d6ffnungszeiten:<\/span><\/h3>\n\n\n\n<pre class=\"wp-block-preformatted has-medium-font-size\"><span style=\"color: #000000;\"><strong>Montag bis Freitag\u00a0 \u00a0 \u00a0 \u00a08.30 bis 14.30 Uhr<br>Samstag                  9.00 bis 14.00 Uhr<\/strong><br><\/span><\/pre>\n\n\n\n<p class=\"has-medium-font-size\"><span style=\"color: #000000;\">Tel.:&nbsp; 0351 &#8211; 64 64 111<\/span><br><span style=\"color: #000000;\">E-Mail:&nbsp; igw@weisseritztalbahn.de<\/span><\/p>\n\n\n\n<p class=\"has-medium-font-size\"><span style=\"color: #000000;\">Hier erhalten sie Fahrkarten des Verkerhrsverbundes Oberelbe (VVO), der Deutschen Bahn, ausgew\u00e4hlte internationale Fahrkarten und die SDG-Fahrkarten <\/span>aller drei Strecken (Wei\u00dferitztalbahn, L\u00f6\u00dfnitzgrundbahn, Fichtelbergbahn)<span style=\"color: #000000;\">. F\u00fcr die Wei\u00dferitztalbahn sind auch Geschenkgutscheine erh\u00e4ltlich.<\/span><\/p>\n\n\n\n<p class=\"has-medium-font-size\"><span style=\"color: #000000;\">Zus\u00e4tzlich zu den Fahrkarten bieten wir Souvenirs und Postkarten, Souvenirartikel aus der Region, Eisenbahnliteratur und Zeitschriften an.<\/span><\/p>\n\n\n\n<p><\/p>\n","protected":false},"excerpt":{"rendered":"<p>im Bahnhof Freital-Hainsberg Dresdner Stra\u00dfe 280, 01705 Freital \u00d6ffnungszeiten: Montag bis Freitag\u00a0 \u00a0 \u00a0 \u00a08.30 bis 14.30 UhrSamstag 9.00 bis 14.00 Uhr Tel.:&nbsp; 0351 &#8211; 64 64 111E-Mail:&nbsp; igw@weisseritztalbahn.de Hier erhalten sie Fahrkarten des Verkerhrsverbundes Oberelbe (VVO), der Deutschen Bahn, ausgew\u00e4hlte internationale Fahrkarten und die SDG-Fahrkarten aller drei Strecken (Wei\u00dferitztalbahn, L\u00f6\u00dfnitzgrundbahn, Fichtelbergbahn). F\u00fcr die Wei\u00dferitztalbahn [&hellip;]<\/p>\n","protected":false},"author":1,"featured_media":0,"parent":0,"menu_order":23,"comment_status":"closed","ping_status":"open","template":"","meta":{"ngg_post_thumbnail":0,"footnotes":""},"categories":[],"tags":[],"class_list":["post-206","page","type-page","status-publish","hentry"],"_links":{"self":[{"href":"https:\/\/www.weisseritztalbahn.de\/home\/wp-json\/wp\/v2\/pages\/206","targetHints":{"allow":["GET"]}}],"collection":[{"href":"https:\/\/www.weisseritztalbahn.de\/home\/wp-json\/wp\/v2\/pages"}],"about":[{"href":"https:\/\/www.weisseritztalbahn.de\/home\/wp-json\/wp\/v2\/types\/page"}],"author":[{"embeddable":true,"href":"https:\/\/www.weisseritztalbahn.de\/home\/wp-json\/wp\/v2\/users\/1"}],"replies":[{"embeddable":true,"href":"https:\/\/www.weisseritztalbahn.de\/home\/wp-json\/wp\/v2\/comments?post=206"}],"version-history":[{"count":49,"href":"https:\/\/www.weisseritztalbahn.de\/home\/wp-json\/wp\/v2\/pages\/206\/revisions"}],"predecessor-version":[{"id":9770,"href":"https:\/\/www.weisseritztalbahn.de\/home\/wp-json\/wp\/v2\/pages\/206\/revisions\/9770"}],"wp:attachment":[{"href":"https:\/\/www.weisseritztalbahn.de\/home\/wp-json\/wp\/v2\/media?parent=206"}],"wp:term":[{"taxonomy":"category","embeddable":true,"href":"https:\/\/www.weisseritztalbahn.de\/home\/wp-json\/wp\/v2\/categories?post=206"},{"taxonomy":"post_tag","embeddable":true,"href":"https:\/\/www.weisseritztalbahn.de\/home\/wp-json\/wp\/v2\/tags?post=206"}],"curies":[{"name":"wp","href":"https:\/\/api.w.org\/{rel}","templated":true}]}}