{"id":2059,"date":"2012-01-09T22:31:44","date_gmt":"2012-01-09T21:31:44","guid":{"rendered":"http:\/\/ig.weisseritztalbahn.de\/?page_id=2059"},"modified":"2025-04-28T13:54:23","modified_gmt":"2025-04-28T12:54:23","slug":"souvenirangebot","status":"publish","type":"page","link":"https:\/\/www.weisseritztalbahn.de\/home\/souvenirangebot\/","title":{"rendered":"Souvenirangebot"},"content":{"rendered":"\n<p><\/p>\n\n\n\n<pre class=\"wp-block-preformatted\">Souvenirangebot\nIm Angebot sind alle Souvenirs der Wei\u00dferitztalbahn, Eisenbahnliteratur und typische  Artikel aus dem Erzgebirge.  Erh\u00e4ltlich sind diese  in den Gesch\u00e4ftsr\u00e4umen der IG Wei\u00dferitztalbahn e.V. im Bahnhof Freital-Hainsberg und auf mobilen St\u00e4nden der IGW.\n \n<\/pre>\n\n\n\n<pre class=\"wp-block-preformatted has-vivid-red-color has-text-color has-link-color has-large-font-size wp-elements-d8833e492b80ea0cca0933b1730ffec2\"><strong>KALENDER 2026 neu im Angebot<\/strong><br><\/pre>\n\n\n\n<pre class=\"wp-block-preformatted has-medium-font-size\">Erh\u00e4ltlich im B\u00fcro\/ Fahrkartenagentur zum Preis von 9,00 \u20ac<br>(im Versand zzgl. Versandkosten)<\/pre>\n\n\n\nngg_shortcode_0_placeholder\n","protected":false},"excerpt":{"rendered":"<p>Souvenirangebot Im Angebot sind alle Souvenirs der Wei\u00dferitztalbahn, Eisenbahnliteratur und typische Artikel aus dem Erzgebirge. Erh\u00e4ltlich sind diese in den Gesch\u00e4ftsr\u00e4umen der IG Wei\u00dferitztalbahn e.V. im Bahnhof Freital-Hainsberg und auf mobilen St\u00e4nden der IGW. KALENDER 2026 neu im Angebot Erh\u00e4ltlich im B\u00fcro\/ Fahrkartenagentur zum Preis von 9,00 \u20ac(im Versand zzgl. Versandkosten)<\/p>\n","protected":false},"author":1,"featured_media":0,"parent":0,"menu_order":16,"comment_status":"closed","ping_status":"closed","template":"","meta":{"ngg_post_thumbnail":0,"footnotes":""},"categories":[],"tags":[],"class_list":["post-2059","page","type-page","status-publish","hentry"],"_links":{"self":[{"href":"https:\/\/www.weisseritztalbahn.de\/home\/wp-json\/wp\/v2\/pages\/2059","targetHints":{"allow":["GET"]}}],"collection":[{"href":"https:\/\/www.weisseritztalbahn.de\/home\/wp-json\/wp\/v2\/pages"}],"about":[{"href":"https:\/\/www.weisseritztalbahn.de\/home\/wp-json\/wp\/v2\/types\/page"}],"author":[{"embeddable":true,"href":"https:\/\/www.weisseritztalbahn.de\/home\/wp-json\/wp\/v2\/users\/1"}],"replies":[{"embeddable":true,"href":"https:\/\/www.weisseritztalbahn.de\/home\/wp-json\/wp\/v2\/comments?post=2059"}],"version-history":[{"count":54,"href":"https:\/\/www.weisseritztalbahn.de\/home\/wp-json\/wp\/v2\/pages\/2059\/revisions"}],"predecessor-version":[{"id":9550,"href":"https:\/\/www.weisseritztalbahn.de\/home\/wp-json\/wp\/v2\/pages\/2059\/revisions\/9550"}],"wp:attachment":[{"href":"https:\/\/www.weisseritztalbahn.de\/home\/wp-json\/wp\/v2\/media?parent=2059"}],"wp:term":[{"taxonomy":"category","embeddable":true,"href":"https:\/\/www.weisseritztalbahn.de\/home\/wp-json\/wp\/v2\/categories?post=2059"},{"taxonomy":"post_tag","embeddable":true,"href":"https:\/\/www.weisseritztalbahn.de\/home\/wp-json\/wp\/v2\/tags?post=2059"}],"curies":[{"name":"wp","href":"https:\/\/api.w.org\/{rel}","templated":true}]}}