{"id":129,"date":"2011-04-01T23:47:32","date_gmt":"2011-04-01T22:47:32","guid":{"rendered":"http:\/\/ig.weisseritztalbahn.de\/?page_id=129"},"modified":"2026-04-19T09:40:24","modified_gmt":"2026-04-19T08:40:24","slug":"home-2","status":"publish","type":"page","link":"https:\/\/www.weisseritztalbahn.de\/home\/","title":{"rendered":"Home"},"content":{"rendered":"\n<p class=\"has-text-align-center has-light-green-cyan-background-color has-background has-medium-font-size\"><strong>Am Haltepunkt Co\u00dfmannsdorf ist der Fahrkartenverkauf nur an ausgew\u00e4hlten Tagen <\/strong><br><strong>ge\u00f6ffnet. Hier ist keine Kartenzahlung m\u00f6glich. Nur Bargeld<\/strong><\/p>\n\n\n\n<p><\/p>\n\n\n\n<p class=\"has-text-align-center\">***************<\/p>\n\n\n\n<div class=\"wp-block-columns is-layout-flex wp-container-core-columns-is-layout-1 wp-block-columns-is-layout-flex\">\n<div class=\"wp-block-column is-layout-flow wp-block-column-is-layout-flow\">\n<figure class=\"wp-block-image size-large\"><img loading=\"lazy\" decoding=\"async\" width=\"734\" height=\"1024\" src=\"https:\/\/www.weisseritztalbahn.de\/wp-content\/uploads\/2026\/04\/Handzettel-Musikzug-2026-Seite_1-734x1024.jpg\" alt=\"\" class=\"wp-image-9810\" srcset=\"https:\/\/www.weisseritztalbahn.de\/wp-content\/uploads\/2026\/04\/Handzettel-Musikzug-2026-Seite_1-734x1024.jpg 734w, https:\/\/www.weisseritztalbahn.de\/wp-content\/uploads\/2026\/04\/Handzettel-Musikzug-2026-Seite_1-215x300.jpg 215w, https:\/\/www.weisseritztalbahn.de\/wp-content\/uploads\/2026\/04\/Handzettel-Musikzug-2026-Seite_1-108x150.jpg 108w, https:\/\/www.weisseritztalbahn.de\/wp-content\/uploads\/2026\/04\/Handzettel-Musikzug-2026-Seite_1-768x1071.jpg 768w, https:\/\/www.weisseritztalbahn.de\/wp-content\/uploads\/2026\/04\/Handzettel-Musikzug-2026-Seite_1-1102x1536.jpg 1102w, https:\/\/www.weisseritztalbahn.de\/wp-content\/uploads\/2026\/04\/Handzettel-Musikzug-2026-Seite_1.jpg 1288w\" sizes=\"auto, (max-width: 734px) 100vw, 734px\" \/><\/figure>\n<\/div>\n\n\n\n<div class=\"wp-block-column is-layout-flow wp-block-column-is-layout-flow\">\n<figure class=\"wp-block-image size-large\"><img loading=\"lazy\" decoding=\"async\" width=\"734\" height=\"1024\" src=\"https:\/\/www.weisseritztalbahn.de\/wp-content\/uploads\/2026\/04\/Handzettel-Musikzug-2026-Seite_2-734x1024.jpg\" alt=\"\" class=\"wp-image-9811\" srcset=\"https:\/\/www.weisseritztalbahn.de\/wp-content\/uploads\/2026\/04\/Handzettel-Musikzug-2026-Seite_2-734x1024.jpg 734w, https:\/\/www.weisseritztalbahn.de\/wp-content\/uploads\/2026\/04\/Handzettel-Musikzug-2026-Seite_2-215x300.jpg 215w, https:\/\/www.weisseritztalbahn.de\/wp-content\/uploads\/2026\/04\/Handzettel-Musikzug-2026-Seite_2-108x150.jpg 108w, https:\/\/www.weisseritztalbahn.de\/wp-content\/uploads\/2026\/04\/Handzettel-Musikzug-2026-Seite_2-768x1071.jpg 768w, https:\/\/www.weisseritztalbahn.de\/wp-content\/uploads\/2026\/04\/Handzettel-Musikzug-2026-Seite_2-1102x1536.jpg 1102w, https:\/\/www.weisseritztalbahn.de\/wp-content\/uploads\/2026\/04\/Handzettel-Musikzug-2026-Seite_2.jpg 1288w\" sizes=\"auto, (max-width: 734px) 100vw, 734px\" \/><\/figure>\n<\/div>\n<\/div>\n\n\n\n<p><\/p>\n\n\n\n<p><\/p>\n\n\n\n<p><\/p>\n\n\n\n<p><\/p>\n","protected":false},"excerpt":{"rendered":"<p>Am Haltepunkt Co\u00dfmannsdorf ist der Fahrkartenverkauf nur an ausgew\u00e4hlten Tagen ge\u00f6ffnet. Hier ist keine Kartenzahlung m\u00f6glich. Nur Bargeld ***************<\/p>\n","protected":false},"author":1,"featured_media":0,"parent":0,"menu_order":2,"comment_status":"closed","ping_status":"closed","template":"","meta":{"ngg_post_thumbnail":0,"footnotes":""},"categories":[],"tags":[],"class_list":["post-129","page","type-page","status-publish","hentry"],"_links":{"self":[{"href":"https:\/\/www.weisseritztalbahn.de\/home\/wp-json\/wp\/v2\/pages\/129","targetHints":{"allow":["GET"]}}],"collection":[{"href":"https:\/\/www.weisseritztalbahn.de\/home\/wp-json\/wp\/v2\/pages"}],"about":[{"href":"https:\/\/www.weisseritztalbahn.de\/home\/wp-json\/wp\/v2\/types\/page"}],"author":[{"embeddable":true,"href":"https:\/\/www.weisseritztalbahn.de\/home\/wp-json\/wp\/v2\/users\/1"}],"replies":[{"embeddable":true,"href":"https:\/\/www.weisseritztalbahn.de\/home\/wp-json\/wp\/v2\/comments?post=129"}],"version-history":[{"count":1248,"href":"https:\/\/www.weisseritztalbahn.de\/home\/wp-json\/wp\/v2\/pages\/129\/revisions"}],"predecessor-version":[{"id":9812,"href":"https:\/\/www.weisseritztalbahn.de\/home\/wp-json\/wp\/v2\/pages\/129\/revisions\/9812"}],"wp:attachment":[{"href":"https:\/\/www.weisseritztalbahn.de\/home\/wp-json\/wp\/v2\/media?parent=129"}],"wp:term":[{"taxonomy":"category","embeddable":true,"href":"https:\/\/www.weisseritztalbahn.de\/home\/wp-json\/wp\/v2\/categories?post=129"},{"taxonomy":"post_tag","embeddable":true,"href":"https:\/\/www.weisseritztalbahn.de\/home\/wp-json\/wp\/v2\/tags?post=129"}],"curies":[{"name":"wp","href":"https:\/\/api.w.org\/{rel}","templated":true}]}}